{"id":1058,"date":"2020-03-15T17:12:29","date_gmt":"2020-03-15T17:12:29","guid":{"rendered":"https:\/\/rolo-master-senta.itsourcesolution.com\/?page_id=1058"},"modified":"2020-12-01T10:39:15","modified_gmt":"2020-12-01T10:39:15","slug":"komarnici","status":"publish","type":"page","link":"http:\/\/rolomastersenta.rs\/hu\/proizvodi\/komarnici\/","title":{"rendered":"Sz\u00fanyogh\u00e1l\u00f3k"},"content":{"rendered":"<div data-elementor-type=\"wp-post\" data-elementor-id=\"1058\" class=\"elementor elementor-1058\" data-elementor-settings=\"[]\">\n\t\t\t\t\t\t<div class=\"elementor-inner\">\n\t\t\t\t\t\t\t<div class=\"elementor-section-wrap\">\n\t\t\t\t\t\t\t<section class=\"elementor-section elementor-top-section elementor-element elementor-element-60a1226 elementor-section-boxed elementor-section-height-default elementor-section-height-default\" data-id=\"60a1226\" data-element_type=\"section\">\n\t\t\t\t\t\t<div class=\"elementor-container elementor-column-gap-default\">\n\t\t\t\t\t\t\t<div class=\"elementor-row\">\n\t\t\t\t\t<div class=\"elementor-column elementor-col-100 elementor-top-column elementor-element elementor-element-53cc56f\" data-id=\"53cc56f\" data-element_type=\"column\">\n\t\t\t<div class=\"elementor-column-wrap elementor-element-populated\">\n\t\t\t\t\t\t\t<div class=\"elementor-widget-wrap\">\n\t\t\t\t\t\t<div class=\"elementor-element elementor-element-821fdb6 elementor-widget elementor-widget-heading\" data-id=\"821fdb6\" data-element_type=\"widget\" data-widget_type=\"heading.default\">\n\t\t\t\t<div class=\"elementor-widget-container\">\n\t\t\t<h2 class=\"elementor-heading-title elementor-size-default\">Sz\u00fanyogh\u00e1l\u00f3 rendszerek<\/h2>\t\t<\/div>\n\t\t\t\t<\/div>\n\t\t\t\t<div class=\"elementor-element elementor-element-273823e elementor-widget-divider--view-line elementor-widget elementor-widget-divider\" data-id=\"273823e\" data-element_type=\"widget\" data-widget_type=\"divider.default\">\n\t\t\t\t<div class=\"elementor-widget-container\">\n\t\t\t\t\t<div class=\"elementor-divider\">\n\t\t\t<span class=\"elementor-divider-separator\">\n\t\t\t\t\t\t<\/span>\n\t\t<\/div>\n\t\t\t\t<\/div>\n\t\t\t\t<\/div>\n\t\t\t\t<div class=\"elementor-element elementor-element-46bd5bc elementor-pagination-position-outside elementor-widget elementor-widget-image-carousel\" data-id=\"46bd5bc\" data-element_type=\"widget\" data-settings=\"{&quot;slides_to_show&quot;:&quot;1&quot;,&quot;navigation&quot;:&quot;dots&quot;,&quot;autoplay&quot;:&quot;yes&quot;,&quot;pause_on_hover&quot;:&quot;yes&quot;,&quot;pause_on_interaction&quot;:&quot;yes&quot;,&quot;autoplay_speed&quot;:5000,&quot;infinite&quot;:&quot;yes&quot;,&quot;effect&quot;:&quot;slide&quot;,&quot;speed&quot;:500}\" data-widget_type=\"image-carousel.default\">\n\t\t\t\t<div class=\"elementor-widget-container\">\n\t\t\t\t\t<div class=\"elementor-image-carousel-wrapper swiper-container\" dir=\"ltr\">\n\t\t\t<div class=\"elementor-image-carousel swiper-wrapper\">\n\t\t\t\t\t\t\t\t<div class=\"swiper-slide\"><figure class=\"swiper-slide-inner\"><img class=\"swiper-slide-image\" src=\"http:\/\/rolomastersenta.rs\/wp-content\/uploads\/elementor\/thumbs\/pliserolokom-omrmnxp9dy4pdwqv9atrc8h0nasgcz7fwbkdu3kods.jpg\" alt=\"pliserolokom\" \/><\/figure><\/div><div class=\"swiper-slide\"><figure class=\"swiper-slide-inner\"><img class=\"swiper-slide-image\" src=\"http:\/\/rolomastersenta.rs\/wp-content\/uploads\/elementor\/thumbs\/97057165_2337533753216298_2415729399589502976_n-1-e1600715291110-ovt0tywbmrdh83e6us6dq6dvtzpp5kt1n6wa51wk8g.jpg\" alt=\"komarnik vrata\" \/><\/figure><\/div><div class=\"swiper-slide\"><figure class=\"swiper-slide-inner\"><img class=\"swiper-slide-image\" src=\"http:\/\/rolomastersenta.rs\/wp-content\/uploads\/elementor\/thumbs\/IMG_20200319_091817-scaled-omsuto6o4qcx7vkebh0ne2k55j6oo8chss5rjeggvk.jpg\" alt=\"IMG_20200319_091817\" \/><\/figure><\/div><div class=\"swiper-slide\"><figure class=\"swiper-slide-inner\"><img class=\"swiper-slide-image\" src=\"http:\/\/rolomastersenta.rs\/wp-content\/uploads\/elementor\/thumbs\/received_260978285245028-1-e1600715210933-ovt0rure96h93ogs7d9lm7ljps4yu3escq1y9n1g8g.jpeg\" alt=\"received_260978285245028\" \/><\/figure><\/div>\t\t\t<\/div>\n\t\t\t\t\t\t\t\t\t\t\t\t<div class=\"swiper-pagination\"><\/div>\n\t\t\t\t\t\t\t\t\t\t\t\t\t<\/div>\n\t\t\t\t<\/div>\n\t\t\t\t<\/div>\n\t\t\t\t\t\t<\/div>\n\t\t\t\t\t<\/div>\n\t\t<\/div>\n\t\t\t\t\t\t\t\t<\/div>\n\t\t\t\t\t<\/div>\n\t\t<\/section>\n\t\t\t\t<section class=\"elementor-section elementor-top-section elementor-element elementor-element-967dfb4 elementor-section-boxed elementor-section-height-default elementor-section-height-default\" data-id=\"967dfb4\" data-element_type=\"section\">\n\t\t\t\t\t\t<div class=\"elementor-container elementor-column-gap-default\">\n\t\t\t\t\t\t\t<div class=\"elementor-row\">\n\t\t\t\t\t<div class=\"elementor-column elementor-col-66 elementor-top-column elementor-element elementor-element-7ca53bc\" data-id=\"7ca53bc\" data-element_type=\"column\">\n\t\t\t<div class=\"elementor-column-wrap elementor-element-populated\">\n\t\t\t\t\t\t\t<div class=\"elementor-widget-wrap\">\n\t\t\t\t\t\t<div class=\"elementor-element elementor-element-11e15fe elementor-widget elementor-widget-text-editor\" data-id=\"11e15fe\" data-element_type=\"widget\" data-widget_type=\"text-editor.default\">\n\t\t\t\t<div class=\"elementor-widget-container\">\n\t\t\t\t\t\t\t\t<div class=\"elementor-text-editor elementor-clearfix\">\n\t\t\t\t<p><strong>Sz\u00fanyogh\u00e1l\u00f3k<\/strong> t\u00f6k\u00e9letes megold\u00e1s\u00e1t jelentik a sz\u00fanyogok \u00e9s m\u00e1s rovarok t\u00e1voltart\u00e1s\u00e1ra.\nA sz\u00fanyogh\u00e1l\u00f3 kerete kiv\u00e1l\u00f3 min\u0151s\u00e9g\u0171, er\u0151s \u00e9s tart\u00f3s alum\u00edniumb\u00f3l , h\u00e1l\u00f3ja pedig  sz\u00fcrke\nsz\u00edn\u0171, id\u0151j\u00e1r\u00e1s- \u00e9s t\u0171z\u00e1ll\u00f3 \u00fcvegsz\u00e1las anyagb\u00f3l\nk\u00e9sz\u00fcl.<\/p>\t\t\t\t\t<\/div>\n\t\t\t\t\t\t<\/div>\n\t\t\t\t<\/div>\n\t\t\t\t<div class=\"elementor-element elementor-element-fb36814 elementor-widget elementor-widget-text-editor\" data-id=\"fb36814\" data-element_type=\"widget\" data-widget_type=\"text-editor.default\">\n\t\t\t\t<div class=\"elementor-widget-container\">\n\t\t\t\t\t\t\t\t<div class=\"elementor-text-editor elementor-clearfix\">\n\t\t\t\t<p><strong>Az alum\u00ednium rol\u00f3s sz\u00fanyogh\u00e1l\u00f3 <\/strong>a legjobb megold\u00e1s olyan ablakokra ahol sz\u00fcks\u00e9g lehet az ablak ny\u00edl\u00e1s\u00e1nak szabadd\u00e1 t\u00e9tel\u00e9re, egy mozdulattal b\u00e1rmikor felengedhet\u0151.<\/p>\t\t\t\t\t<\/div>\n\t\t\t\t\t\t<\/div>\n\t\t\t\t<\/div>\n\t\t\t\t<div class=\"elementor-element elementor-element-e633145 elementor-widget elementor-widget-text-editor\" data-id=\"e633145\" data-element_type=\"widget\" data-widget_type=\"text-editor.default\">\n\t\t\t\t<div class=\"elementor-widget-container\">\n\t\t\t\t\t\t\t\t<div class=\"elementor-text-editor elementor-clearfix\">\n\t\t\t\t<p><strong>PLISZ\u00c9 Sz\u00fanyogh\u00e1l\u00f3<\/strong> Nagy m\u00e9ret\u0171 fel\u00fcletek rovarok elleni v\u00e9delm\u00e9re is alkalmas pl. k\u00e9tsz\u00e1rnyas erk\u00e9lyajt\u00f3k de felszerelhet\u0151k bej\u00e1rati ajt\u00f3kra is egyar\u00e1nt. Csendes m\u0171k\u00f6d\u00e9se vonz\u00f3v\u00e1 teszi a haszn\u00e1lat\u00e1t. Emellett strapab\u00edr\u00f3 \u00e9s k\u00f6nny\u0171 karbantartani. A sz\u00fanyogh\u00e1l\u00f3n kialak\u00edtott \u00e9les hajt\u00e1sok sorozata (plisz\u00edroz\u00e1s) teszi lehet\u0151v\u00e9, hogy a h\u00e1l\u00f3t a keretben eltolva t\u00f6m\u00f6r\u00edts\u00fck \u00e9s biztos\u00edtsuk az \u00e1thalad\u00e1st az adott ny\u00edl\u00e1son \u00e1t.<\/p><p>A plisz\u00e9 \u00e9s rol\u00f3s sz\u00fanyogh\u00e1l\u00f3k v\u00e1laszthat\u00f3k feh\u00e9r \u00e9s csoki barna sz\u00ednben.<\/p>\t\t\t\t\t<\/div>\n\t\t\t\t\t\t<\/div>\n\t\t\t\t<\/div>\n\t\t\t\t<div class=\"elementor-element elementor-element-9b7ec64 elementor-widget elementor-widget-text-editor\" data-id=\"9b7ec64\" data-element_type=\"widget\" data-widget_type=\"text-editor.default\">\n\t\t\t\t<div class=\"elementor-widget-container\">\n\t\t\t\t\t\t\t\t<div class=\"elementor-text-editor elementor-clearfix\">\n\t\t\t\t\t\t\t\t\t<\/div>\n\t\t\t\t\t\t<\/div>\n\t\t\t\t<\/div>\n\t\t\t\t\t\t<\/div>\n\t\t\t\t\t<\/div>\n\t\t<\/div>\n\t\t\t\t<div class=\"elementor-column elementor-col-33 elementor-top-column elementor-element elementor-element-4a0904c\" data-id=\"4a0904c\" data-element_type=\"column\">\n\t\t\t<div class=\"elementor-column-wrap elementor-element-populated\">\n\t\t\t\t\t\t\t<div class=\"elementor-widget-wrap\">\n\t\t\t\t\t\t<section class=\"elementor-section elementor-inner-section elementor-element elementor-element-377175a elementor-section-boxed elementor-section-height-default elementor-section-height-default\" data-id=\"377175a\" data-element_type=\"section\" data-settings=\"{&quot;background_background&quot;:&quot;classic&quot;}\">\n\t\t\t\t\t\t<div class=\"elementor-container elementor-column-gap-default\">\n\t\t\t\t\t\t\t<div class=\"elementor-row\">\n\t\t\t\t\t<div class=\"elementor-column elementor-col-100 elementor-inner-column elementor-element elementor-element-d126b04\" data-id=\"d126b04\" data-element_type=\"column\">\n\t\t\t<div class=\"elementor-column-wrap elementor-element-populated\">\n\t\t\t\t\t\t\t<div class=\"elementor-widget-wrap\">\n\t\t\t\t\t\t<div class=\"elementor-element elementor-element-2d99e90 elementor-widget elementor-widget-heading\" data-id=\"2d99e90\" data-element_type=\"widget\" data-widget_type=\"heading.default\">\n\t\t\t\t<div class=\"elementor-widget-container\">\n\t\t\t<h2 class=\"elementor-heading-title elementor-size-default\">Ingyenes m\u00e9retfelv\u00e9tel \u00e9s felszerel\u00e9s, megfizethet\u0151 \u00e1r, kiv\u00e1l\u00f3 min\u0151s\u00e9g.<\/h2>\t\t<\/div>\n\t\t\t\t<\/div>\n\t\t\t\t<div class=\"elementor-element elementor-element-86d1781 elementor-icon-list--layout-traditional elementor-list-item-link-full_width elementor-widget elementor-widget-icon-list\" data-id=\"86d1781\" data-element_type=\"widget\" data-widget_type=\"icon-list.default\">\n\t\t\t\t<div class=\"elementor-widget-container\">\n\t\t\t\t\t<ul class=\"elementor-icon-list-items\">\n\t\t\t\t\t\t\t<li class=\"elementor-icon-list-item\">\n\t\t\t\t\t\t\t\t\t\t<span class=\"elementor-icon-list-text\">Kiv\u00e1l\u00f3 min\u0151s\u00e9g\u0171 term\u00e9k , egyedi m\u00e9retre gy\u00e1rt\u00e1s.<\/span>\n\t\t\t\t\t\t\t\t\t<\/li>\n\t\t\t\t\t\t<\/ul>\n\t\t\t\t<\/div>\n\t\t\t\t<\/div>\n\t\t\t\t<div class=\"elementor-element elementor-element-b47125e elementor-widget elementor-widget-button\" data-id=\"b47125e\" data-element_type=\"widget\" data-widget_type=\"button.default\">\n\t\t\t\t<div class=\"elementor-widget-container\">\n\t\t\t\t\t<div class=\"elementor-button-wrapper\">\n\t\t\t<a href=\"http:\/\/rolomastersenta.rs\/hu\/kontakt\/\" class=\"elementor-button-link elementor-button elementor-size-sm\" role=\"button\">\n\t\t\t\t\t\t<span class=\"elementor-button-content-wrapper\">\n\t\t\t\t\t\t<span class=\"elementor-button-icon elementor-align-icon-left\">\n\t\t\t\t<i aria-hidden=\"true\" class=\"fas fa-phone-alt\"><\/i>\t\t\t<\/span>\n\t\t\t\t\t\t<span class=\"elementor-button-text\">Keressen fel minket!<\/span>\n\t\t<\/span>\n\t\t\t\t\t<\/a>\n\t\t<\/div>\n\t\t\t\t<\/div>\n\t\t\t\t<\/div>\n\t\t\t\t\t\t<\/div>\n\t\t\t\t\t<\/div>\n\t\t<\/div>\n\t\t\t\t\t\t\t\t<\/div>\n\t\t\t\t\t<\/div>\n\t\t<\/section>\n\t\t\t\t\t\t<\/div>\n\t\t\t\t\t<\/div>\n\t\t<\/div>\n\t\t\t\t\t\t\t\t<\/div>\n\t\t\t\t\t<\/div>\n\t\t<\/section>\n\t\t\t\t\t\t<\/div>\n\t\t\t\t\t\t<\/div>\n\t\t\t\t\t<\/div>","protected":false},"excerpt":{"rendered":"<p>[:rs][:]<\/p>","protected":false},"author":1,"featured_media":0,"parent":10,"menu_order":0,"comment_status":"closed","ping_status":"closed","template":"page-templates\/pagebuilder.php","meta":[],"yoast_head":"<!-- This site is optimized with the Yoast SEO plugin v18.2 - https:\/\/yoast.com\/wordpress\/plugins\/seo\/ -->\n<title>Komarnici Plisirani i rolo-komarnici Aluminijumski - Rolo Master Senta<\/title>\n<meta name=\"description\" content=\"Sistem komarnika , aluminijumski rolo-komarnici , alu plisirani komarnici za prozore , vrata i balkonska vrata.\" \/>\n<meta name=\"robots\" content=\"index, follow, max-snippet:-1, max-image-preview:large, max-video-preview:-1\" \/>\n<link rel=\"canonical\" href=\"http:\/\/rolomastersenta.rs\/hu\/proizvodi\/komarnici\/\" \/>\n<meta property=\"og:locale\" content=\"hu_HU\" \/>\n<meta property=\"og:type\" content=\"article\" \/>\n<meta property=\"og:title\" content=\"Komarnici Plisirani i rolo-komarnici Aluminijumski - Rolo Master Senta\" \/>\n<meta property=\"og:description\" content=\"Sistem komarnika , aluminijumski rolo-komarnici , alu plisirani komarnici za prozore , vrata i balkonska vrata.\" \/>\n<meta property=\"og:url\" content=\"http:\/\/rolomastersenta.rs\/hu\/proizvodi\/komarnici\/\" \/>\n<meta property=\"og:site_name\" content=\"Rolo Master\" \/>\n<meta property=\"article:modified_time\" content=\"2020-12-01T10:39:15+00:00\" \/>\n<meta property=\"og:image\" content=\"http:\/\/rolomastersenta.rs\/wp-content\/uploads\/elementor\/thumbs\/pliserolokom-omrmnxp9dy4pdwqv9atrc8h0nasgcz7fwbkdu3kods.jpg\" \/>\n<meta name=\"twitter:card\" content=\"summary_large_image\" \/>\n<meta name=\"twitter:label1\" content=\"Becs\u00fclt olvas\u00e1si id\u0151\" \/>\n\t<meta name=\"twitter:data1\" content=\"1 perc\" \/>\n<script type=\"application\/ld+json\" class=\"yoast-schema-graph\">{\"@context\":\"https:\/\/schema.org\",\"@graph\":[{\"@type\":\"WebSite\",\"@id\":\"http:\/\/rolomastersenta.rs\/#website\",\"url\":\"http:\/\/rolomastersenta.rs\/\",\"name\":\"Rolo Master\",\"description\":\"Roletne su veoma bitan deo kao dopuna PVC i ALU stolariji. Imaju va\u017enu ulogu prvenstveno u za\u0161titi od sunca kao i za zvu\u010dnu izolaciju.\",\"potentialAction\":[{\"@type\":\"SearchAction\",\"target\":{\"@type\":\"EntryPoint\",\"urlTemplate\":\"http:\/\/rolomastersenta.rs\/?s={search_term_string}\"},\"query-input\":\"required name=search_term_string\"}],\"inLanguage\":\"hu\"},{\"@type\":\"ImageObject\",\"@id\":\"http:\/\/rolomastersenta.rs\/proizvodi\/komarnici\/#primaryimage\",\"inLanguage\":\"hu\",\"url\":\"http:\/\/rolomastersenta.rs\/wp-content\/uploads\/elementor\/thumbs\/pliserolokom-omrmnxp9dy4pdwqv9atrc8h0nasgcz7fwbkdu3kods.jpg\",\"contentUrl\":\"http:\/\/rolomastersenta.rs\/wp-content\/uploads\/elementor\/thumbs\/pliserolokom-omrmnxp9dy4pdwqv9atrc8h0nasgcz7fwbkdu3kods.jpg\"},{\"@type\":\"WebPage\",\"@id\":\"http:\/\/rolomastersenta.rs\/proizvodi\/komarnici\/#webpage\",\"url\":\"http:\/\/rolomastersenta.rs\/proizvodi\/komarnici\/\",\"name\":\"Komarnici Plisirani i rolo-komarnici Aluminijumski - Rolo Master Senta\",\"isPartOf\":{\"@id\":\"http:\/\/rolomastersenta.rs\/#website\"},\"primaryImageOfPage\":{\"@id\":\"http:\/\/rolomastersenta.rs\/proizvodi\/komarnici\/#primaryimage\"},\"datePublished\":\"2020-03-15T17:12:29+00:00\",\"dateModified\":\"2020-12-01T10:39:15+00:00\",\"description\":\"Sistem komarnika , aluminijumski rolo-komarnici , alu plisirani komarnici za prozore , vrata i balkonska vrata.\",\"breadcrumb\":{\"@id\":\"http:\/\/rolomastersenta.rs\/proizvodi\/komarnici\/#breadcrumb\"},\"inLanguage\":\"hu\",\"potentialAction\":[{\"@type\":\"ReadAction\",\"target\":[\"http:\/\/rolomastersenta.rs\/proizvodi\/komarnici\/\"]}]},{\"@type\":\"BreadcrumbList\",\"@id\":\"http:\/\/rolomastersenta.rs\/proizvodi\/komarnici\/#breadcrumb\",\"itemListElement\":[{\"@type\":\"ListItem\",\"position\":1,\"name\":\"Home\",\"item\":\"http:\/\/rolomastersenta.rs\/\"},{\"@type\":\"ListItem\",\"position\":2,\"name\":\"Proizvodi\",\"item\":\"http:\/\/rolomastersenta.rs\/proizvodi\/\"},{\"@type\":\"ListItem\",\"position\":3,\"name\":\"Komarnici\"}]}]}<\/script>\n<!-- \/ Yoast SEO plugin. -->","yoast_head_json":{"title":"Komarnici Plisirani i rolo-komarnici Aluminijumski - Rolo Master Senta","description":"Sistem komarnika , aluminijumski rolo-komarnici , alu plisirani komarnici za prozore , vrata i balkonska vrata.","robots":{"index":"index","follow":"follow","max-snippet":"max-snippet:-1","max-image-preview":"max-image-preview:large","max-video-preview":"max-video-preview:-1"},"canonical":"http:\/\/rolomastersenta.rs\/hu\/proizvodi\/komarnici\/","og_locale":"hu_HU","og_type":"article","og_title":"Komarnici Plisirani i rolo-komarnici Aluminijumski - Rolo Master Senta","og_description":"Sistem komarnika , aluminijumski rolo-komarnici , alu plisirani komarnici za prozore , vrata i balkonska vrata.","og_url":"http:\/\/rolomastersenta.rs\/hu\/proizvodi\/komarnici\/","og_site_name":"Rolo Master","article_modified_time":"2020-12-01T10:39:15+00:00","og_image":[{"url":"http:\/\/rolomastersenta.rs\/wp-content\/uploads\/elementor\/thumbs\/pliserolokom-omrmnxp9dy4pdwqv9atrc8h0nasgcz7fwbkdu3kods.jpg"}],"twitter_card":"summary_large_image","twitter_misc":{"Becs\u00fclt olvas\u00e1si id\u0151":"1 perc"},"schema":{"@context":"https:\/\/schema.org","@graph":[{"@type":"WebSite","@id":"http:\/\/rolomastersenta.rs\/#website","url":"http:\/\/rolomastersenta.rs\/","name":"Rolo Master","description":"Roletne su veoma bitan deo kao dopuna PVC i ALU stolariji. Imaju va\u017enu ulogu prvenstveno u za\u0161titi od sunca kao i za zvu\u010dnu izolaciju.","potentialAction":[{"@type":"SearchAction","target":{"@type":"EntryPoint","urlTemplate":"http:\/\/rolomastersenta.rs\/?s={search_term_string}"},"query-input":"required name=search_term_string"}],"inLanguage":"hu"},{"@type":"ImageObject","@id":"http:\/\/rolomastersenta.rs\/proizvodi\/komarnici\/#primaryimage","inLanguage":"hu","url":"http:\/\/rolomastersenta.rs\/wp-content\/uploads\/elementor\/thumbs\/pliserolokom-omrmnxp9dy4pdwqv9atrc8h0nasgcz7fwbkdu3kods.jpg","contentUrl":"http:\/\/rolomastersenta.rs\/wp-content\/uploads\/elementor\/thumbs\/pliserolokom-omrmnxp9dy4pdwqv9atrc8h0nasgcz7fwbkdu3kods.jpg"},{"@type":"WebPage","@id":"http:\/\/rolomastersenta.rs\/proizvodi\/komarnici\/#webpage","url":"http:\/\/rolomastersenta.rs\/proizvodi\/komarnici\/","name":"Komarnici Plisirani i rolo-komarnici Aluminijumski - Rolo Master Senta","isPartOf":{"@id":"http:\/\/rolomastersenta.rs\/#website"},"primaryImageOfPage":{"@id":"http:\/\/rolomastersenta.rs\/proizvodi\/komarnici\/#primaryimage"},"datePublished":"2020-03-15T17:12:29+00:00","dateModified":"2020-12-01T10:39:15+00:00","description":"Sistem komarnika , aluminijumski rolo-komarnici , alu plisirani komarnici za prozore , vrata i balkonska vrata.","breadcrumb":{"@id":"http:\/\/rolomastersenta.rs\/proizvodi\/komarnici\/#breadcrumb"},"inLanguage":"hu","potentialAction":[{"@type":"ReadAction","target":["http:\/\/rolomastersenta.rs\/proizvodi\/komarnici\/"]}]},{"@type":"BreadcrumbList","@id":"http:\/\/rolomastersenta.rs\/proizvodi\/komarnici\/#breadcrumb","itemListElement":[{"@type":"ListItem","position":1,"name":"Home","item":"http:\/\/rolomastersenta.rs\/"},{"@type":"ListItem","position":2,"name":"Proizvodi","item":"http:\/\/rolomastersenta.rs\/proizvodi\/"},{"@type":"ListItem","position":3,"name":"Komarnici"}]}]}},"_links":{"self":[{"href":"http:\/\/rolomastersenta.rs\/hu\/wp-json\/wp\/v2\/pages\/1058"}],"collection":[{"href":"http:\/\/rolomastersenta.rs\/hu\/wp-json\/wp\/v2\/pages"}],"about":[{"href":"http:\/\/rolomastersenta.rs\/hu\/wp-json\/wp\/v2\/types\/page"}],"author":[{"embeddable":true,"href":"http:\/\/rolomastersenta.rs\/hu\/wp-json\/wp\/v2\/users\/1"}],"replies":[{"embeddable":true,"href":"http:\/\/rolomastersenta.rs\/hu\/wp-json\/wp\/v2\/comments?post=1058"}],"version-history":[{"count":30,"href":"http:\/\/rolomastersenta.rs\/hu\/wp-json\/wp\/v2\/pages\/1058\/revisions"}],"predecessor-version":[{"id":2045,"href":"http:\/\/rolomastersenta.rs\/hu\/wp-json\/wp\/v2\/pages\/1058\/revisions\/2045"}],"up":[{"embeddable":true,"href":"http:\/\/rolomastersenta.rs\/hu\/wp-json\/wp\/v2\/pages\/10"}],"wp:attachment":[{"href":"http:\/\/rolomastersenta.rs\/hu\/wp-json\/wp\/v2\/media?parent=1058"}],"curies":[{"name":"wp","href":"https:\/\/api.w.org\/{rel}","templated":true}]}}