{"id":1600,"date":"2020-05-06T20:09:07","date_gmt":"2020-05-06T20:09:07","guid":{"rendered":"http:\/\/rolomastersenta.rs\/?page_id=1600"},"modified":"2020-12-01T10:45:23","modified_gmt":"2020-12-01T10:45:23","slug":"standardni","status":"publish","type":"page","link":"http:\/\/rolomastersenta.rs\/hu\/proizvodi\/zebra-zavese\/standardni\/","title":{"rendered":"De\u010diji dezeni"},"content":{"rendered":"<div data-elementor-type=\"wp-page\" data-elementor-id=\"1600\" class=\"elementor elementor-1600\" data-elementor-settings=\"[]\">\n\t\t\t\t\t\t<div class=\"elementor-inner\">\n\t\t\t\t\t\t\t<div class=\"elementor-section-wrap\">\n\t\t\t\t\t\t\t<section class=\"elementor-section elementor-top-section elementor-element elementor-element-ed0aa29 elementor-section-boxed elementor-section-height-default elementor-section-height-default\" data-id=\"ed0aa29\" data-element_type=\"section\">\n\t\t\t\t\t\t<div class=\"elementor-container elementor-column-gap-default\">\n\t\t\t\t\t\t\t<div class=\"elementor-row\">\n\t\t\t\t\t<div class=\"elementor-column elementor-col-100 elementor-top-column elementor-element elementor-element-9b10f47\" data-id=\"9b10f47\" data-element_type=\"column\">\n\t\t\t<div class=\"elementor-column-wrap elementor-element-populated\">\n\t\t\t\t\t\t\t<div class=\"elementor-widget-wrap\">\n\t\t\t\t\t\t<div class=\"elementor-element elementor-element-c2b93f6 elementor-widget elementor-widget-image-gallery\" data-id=\"c2b93f6\" data-element_type=\"widget\" data-widget_type=\"image-gallery.default\">\n\t\t\t\t<div class=\"elementor-widget-container\">\n\t\t\t\t\t<div class=\"elementor-image-gallery\">\n\t\t\t<div id='gallery-1' class='gallery galleryid-1600 gallery-columns-6 gallery-size-thumbnail'><figure class='gallery-item'>\n\t\t\t<div class='gallery-icon portrait'>\n\t\t\t\t<a data-elementor-open-lightbox=\"yes\" data-elementor-lightbox-slideshow=\"c2b93f6\" data-elementor-lightbox-title=\"baby\" e-action-hash=\"#elementor-action%3Aaction%3Dlightbox%26settings%3DeyJpZCI6MTg5NSwidXJsIjoiaHR0cDpcL1wvcm9sb21hc3RlcnNlbnRhLnJzXC93cC1jb250ZW50XC91cGxvYWRzXC8yMDIwXC8xMVwvYmFieS5qcGciLCJzbGlkZXNob3ciOiJjMmI5M2Y2In0%3D\" href='http:\/\/rolomastersenta.rs\/wp-content\/uploads\/2020\/11\/baby.jpg'><img width=\"150\" height=\"150\" src=\"http:\/\/rolomastersenta.rs\/wp-content\/uploads\/2020\/11\/baby-150x150.jpg\" class=\"attachment-thumbnail size-thumbnail\" alt=\"\" loading=\"lazy\" \/><\/a>\n\t\t\t<\/div><\/figure><figure class='gallery-item'>\n\t\t\t<div class='gallery-icon portrait'>\n\t\t\t\t<a data-elementor-open-lightbox=\"yes\" data-elementor-lightbox-slideshow=\"c2b93f6\" data-elementor-lightbox-title=\"car\" e-action-hash=\"#elementor-action%3Aaction%3Dlightbox%26settings%3DeyJpZCI6MTg5NiwidXJsIjoiaHR0cDpcL1wvcm9sb21hc3RlcnNlbnRhLnJzXC93cC1jb250ZW50XC91cGxvYWRzXC8yMDIwXC8xMVwvY2FyLmpwZyIsInNsaWRlc2hvdyI6ImMyYjkzZjYifQ%3D%3D\" href='http:\/\/rolomastersenta.rs\/wp-content\/uploads\/2020\/11\/car.jpg'><img width=\"150\" height=\"150\" src=\"http:\/\/rolomastersenta.rs\/wp-content\/uploads\/2020\/11\/car-150x150.jpg\" class=\"attachment-thumbnail size-thumbnail\" alt=\"\" loading=\"lazy\" \/><\/a>\n\t\t\t<\/div><\/figure><figure class='gallery-item'>\n\t\t\t<div class='gallery-icon portrait'>\n\t\t\t\t<a data-elementor-open-lightbox=\"yes\" data-elementor-lightbox-slideshow=\"c2b93f6\" data-elementor-lightbox-title=\"elephant\" e-action-hash=\"#elementor-action%3Aaction%3Dlightbox%26settings%3DeyJpZCI6MTg5NywidXJsIjoiaHR0cDpcL1wvcm9sb21hc3RlcnNlbnRhLnJzXC93cC1jb250ZW50XC91cGxvYWRzXC8yMDIwXC8xMVwvZWxlcGhhbnQuanBnIiwic2xpZGVzaG93IjoiYzJiOTNmNiJ9\" href='http:\/\/rolomastersenta.rs\/wp-content\/uploads\/2020\/11\/elephant.jpg'><img width=\"150\" height=\"150\" src=\"http:\/\/rolomastersenta.rs\/wp-content\/uploads\/2020\/11\/elephant-150x150.jpg\" class=\"attachment-thumbnail size-thumbnail\" alt=\"\" loading=\"lazy\" \/><\/a>\n\t\t\t<\/div><\/figure><figure class='gallery-item'>\n\t\t\t<div class='gallery-icon portrait'>\n\t\t\t\t<a data-elementor-open-lightbox=\"yes\" data-elementor-lightbox-slideshow=\"c2b93f6\" data-elementor-lightbox-title=\"flop\" e-action-hash=\"#elementor-action%3Aaction%3Dlightbox%26settings%3DeyJpZCI6MTg5OCwidXJsIjoiaHR0cDpcL1wvcm9sb21hc3RlcnNlbnRhLnJzXC93cC1jb250ZW50XC91cGxvYWRzXC8yMDIwXC8xMVwvZmxvcC5qcGciLCJzbGlkZXNob3ciOiJjMmI5M2Y2In0%3D\" href='http:\/\/rolomastersenta.rs\/wp-content\/uploads\/2020\/11\/flop.jpg'><img width=\"150\" height=\"150\" src=\"http:\/\/rolomastersenta.rs\/wp-content\/uploads\/2020\/11\/flop-150x150.jpg\" class=\"attachment-thumbnail size-thumbnail\" alt=\"\" loading=\"lazy\" \/><\/a>\n\t\t\t<\/div><\/figure><figure class='gallery-item'>\n\t\t\t<div class='gallery-icon portrait'>\n\t\t\t\t<a data-elementor-open-lightbox=\"yes\" data-elementor-lightbox-slideshow=\"c2b93f6\" data-elementor-lightbox-title=\"flover\" e-action-hash=\"#elementor-action%3Aaction%3Dlightbox%26settings%3DeyJpZCI6MTg5OSwidXJsIjoiaHR0cDpcL1wvcm9sb21hc3RlcnNlbnRhLnJzXC93cC1jb250ZW50XC91cGxvYWRzXC8yMDIwXC8xMVwvZmxvdmVyLmpwZyIsInNsaWRlc2hvdyI6ImMyYjkzZjYifQ%3D%3D\" href='http:\/\/rolomastersenta.rs\/wp-content\/uploads\/2020\/11\/flover.jpg'><img width=\"150\" height=\"150\" src=\"http:\/\/rolomastersenta.rs\/wp-content\/uploads\/2020\/11\/flover-150x150.jpg\" class=\"attachment-thumbnail size-thumbnail\" alt=\"\" loading=\"lazy\" \/><\/a>\n\t\t\t<\/div><\/figure><figure class='gallery-item'>\n\t\t\t<div class='gallery-icon portrait'>\n\t\t\t\t<a data-elementor-open-lightbox=\"yes\" data-elementor-lightbox-slideshow=\"c2b93f6\" data-elementor-lightbox-title=\"flyp\" e-action-hash=\"#elementor-action%3Aaction%3Dlightbox%26settings%3DeyJpZCI6MTkwMCwidXJsIjoiaHR0cDpcL1wvcm9sb21hc3RlcnNlbnRhLnJzXC93cC1jb250ZW50XC91cGxvYWRzXC8yMDIwXC8xMVwvZmx5cC5qcGciLCJzbGlkZXNob3ciOiJjMmI5M2Y2In0%3D\" href='http:\/\/rolomastersenta.rs\/wp-content\/uploads\/2020\/11\/flyp.jpg'><img width=\"150\" height=\"150\" src=\"http:\/\/rolomastersenta.rs\/wp-content\/uploads\/2020\/11\/flyp-150x150.jpg\" class=\"attachment-thumbnail size-thumbnail\" alt=\"\" loading=\"lazy\" \/><\/a>\n\t\t\t<\/div><\/figure><figure class='gallery-item'>\n\t\t\t<div class='gallery-icon portrait'>\n\t\t\t\t<a data-elementor-open-lightbox=\"yes\" data-elementor-lightbox-slideshow=\"c2b93f6\" data-elementor-lightbox-title=\"gala\" e-action-hash=\"#elementor-action%3Aaction%3Dlightbox%26settings%3DeyJpZCI6MTkwMSwidXJsIjoiaHR0cDpcL1wvcm9sb21hc3RlcnNlbnRhLnJzXC93cC1jb250ZW50XC91cGxvYWRzXC8yMDIwXC8xMVwvZ2FsYS5qcGciLCJzbGlkZXNob3ciOiJjMmI5M2Y2In0%3D\" href='http:\/\/rolomastersenta.rs\/wp-content\/uploads\/2020\/11\/gala.jpg'><img width=\"150\" height=\"150\" src=\"http:\/\/rolomastersenta.rs\/wp-content\/uploads\/2020\/11\/gala-150x150.jpg\" class=\"attachment-thumbnail size-thumbnail\" alt=\"\" loading=\"lazy\" \/><\/a>\n\t\t\t<\/div><\/figure><figure class='gallery-item'>\n\t\t\t<div class='gallery-icon portrait'>\n\t\t\t\t<a data-elementor-open-lightbox=\"yes\" data-elementor-lightbox-slideshow=\"c2b93f6\" data-elementor-lightbox-title=\"kitty\" e-action-hash=\"#elementor-action%3Aaction%3Dlightbox%26settings%3DeyJpZCI6MTkwMiwidXJsIjoiaHR0cDpcL1wvcm9sb21hc3RlcnNlbnRhLnJzXC93cC1jb250ZW50XC91cGxvYWRzXC8yMDIwXC8xMVwva2l0dHkuanBnIiwic2xpZGVzaG93IjoiYzJiOTNmNiJ9\" href='http:\/\/rolomastersenta.rs\/wp-content\/uploads\/2020\/11\/kitty.jpg'><img width=\"150\" height=\"150\" src=\"http:\/\/rolomastersenta.rs\/wp-content\/uploads\/2020\/11\/kitty-150x150.jpg\" class=\"attachment-thumbnail size-thumbnail\" alt=\"\" loading=\"lazy\" \/><\/a>\n\t\t\t<\/div><\/figure><figure class='gallery-item'>\n\t\t\t<div class='gallery-icon portrait'>\n\t\t\t\t<a data-elementor-open-lightbox=\"yes\" data-elementor-lightbox-slideshow=\"c2b93f6\" data-elementor-lightbox-title=\"lenka\" e-action-hash=\"#elementor-action%3Aaction%3Dlightbox%26settings%3DeyJpZCI6MTkwMywidXJsIjoiaHR0cDpcL1wvcm9sb21hc3RlcnNlbnRhLnJzXC93cC1jb250ZW50XC91cGxvYWRzXC8yMDIwXC8xMVwvbGVua2EuanBnIiwic2xpZGVzaG93IjoiYzJiOTNmNiJ9\" href='http:\/\/rolomastersenta.rs\/wp-content\/uploads\/2020\/11\/lenka.jpg'><img width=\"150\" height=\"150\" src=\"http:\/\/rolomastersenta.rs\/wp-content\/uploads\/2020\/11\/lenka-150x150.jpg\" class=\"attachment-thumbnail size-thumbnail\" alt=\"\" loading=\"lazy\" \/><\/a>\n\t\t\t<\/div><\/figure><figure class='gallery-item'>\n\t\t\t<div class='gallery-icon portrait'>\n\t\t\t\t<a data-elementor-open-lightbox=\"yes\" data-elementor-lightbox-slideshow=\"c2b93f6\" data-elementor-lightbox-title=\"lily\" e-action-hash=\"#elementor-action%3Aaction%3Dlightbox%26settings%3DeyJpZCI6MTkwNCwidXJsIjoiaHR0cDpcL1wvcm9sb21hc3RlcnNlbnRhLnJzXC93cC1jb250ZW50XC91cGxvYWRzXC8yMDIwXC8xMVwvbGlseS5qcGciLCJzbGlkZXNob3ciOiJjMmI5M2Y2In0%3D\" href='http:\/\/rolomastersenta.rs\/wp-content\/uploads\/2020\/11\/lily.jpg'><img width=\"150\" height=\"150\" src=\"http:\/\/rolomastersenta.rs\/wp-content\/uploads\/2020\/11\/lily-150x150.jpg\" class=\"attachment-thumbnail size-thumbnail\" alt=\"\" loading=\"lazy\" \/><\/a>\n\t\t\t<\/div><\/figure><figure class='gallery-item'>\n\t\t\t<div class='gallery-icon portrait'>\n\t\t\t\t<a data-elementor-open-lightbox=\"yes\" data-elementor-lightbox-slideshow=\"c2b93f6\" data-elementor-lightbox-title=\"princess\" e-action-hash=\"#elementor-action%3Aaction%3Dlightbox%26settings%3DeyJpZCI6MTkwNSwidXJsIjoiaHR0cDpcL1wvcm9sb21hc3RlcnNlbnRhLnJzXC93cC1jb250ZW50XC91cGxvYWRzXC8yMDIwXC8xMVwvcHJpbmNlc3MuanBnIiwic2xpZGVzaG93IjoiYzJiOTNmNiJ9\" href='http:\/\/rolomastersenta.rs\/wp-content\/uploads\/2020\/11\/princess.jpg'><img width=\"150\" height=\"150\" src=\"http:\/\/rolomastersenta.rs\/wp-content\/uploads\/2020\/11\/princess-150x150.jpg\" class=\"attachment-thumbnail size-thumbnail\" alt=\"\" loading=\"lazy\" \/><\/a>\n\t\t\t<\/div><\/figure><figure class='gallery-item'>\n\t\t\t<div class='gallery-icon portrait'>\n\t\t\t\t<a data-elementor-open-lightbox=\"yes\" data-elementor-lightbox-slideshow=\"c2b93f6\" data-elementor-lightbox-title=\"strawberry\" e-action-hash=\"#elementor-action%3Aaction%3Dlightbox%26settings%3DeyJpZCI6MTkwNiwidXJsIjoiaHR0cDpcL1wvcm9sb21hc3RlcnNlbnRhLnJzXC93cC1jb250ZW50XC91cGxvYWRzXC8yMDIwXC8xMVwvc3RyYXdiZXJyeS5qcGciLCJzbGlkZXNob3ciOiJjMmI5M2Y2In0%3D\" href='http:\/\/rolomastersenta.rs\/wp-content\/uploads\/2020\/11\/strawberry.jpg'><img width=\"150\" height=\"150\" src=\"http:\/\/rolomastersenta.rs\/wp-content\/uploads\/2020\/11\/strawberry-150x150.jpg\" class=\"attachment-thumbnail size-thumbnail\" alt=\"\" loading=\"lazy\" \/><\/a>\n\t\t\t<\/div><\/figure><figure class='gallery-item'>\n\t\t\t<div class='gallery-icon portrait'>\n\t\t\t\t<a data-elementor-open-lightbox=\"yes\" data-elementor-lightbox-slideshow=\"c2b93f6\" data-elementor-lightbox-title=\"sweety\" e-action-hash=\"#elementor-action%3Aaction%3Dlightbox%26settings%3DeyJpZCI6MTkwNywidXJsIjoiaHR0cDpcL1wvcm9sb21hc3RlcnNlbnRhLnJzXC93cC1jb250ZW50XC91cGxvYWRzXC8yMDIwXC8xMVwvc3dlZXR5LmpwZyIsInNsaWRlc2hvdyI6ImMyYjkzZjYifQ%3D%3D\" href='http:\/\/rolomastersenta.rs\/wp-content\/uploads\/2020\/11\/sweety.jpg'><img width=\"150\" height=\"150\" src=\"http:\/\/rolomastersenta.rs\/wp-content\/uploads\/2020\/11\/sweety-150x150.jpg\" class=\"attachment-thumbnail size-thumbnail\" alt=\"\" loading=\"lazy\" \/><\/a>\n\t\t\t<\/div><\/figure><figure class='gallery-item'>\n\t\t\t<div class='gallery-icon portrait'>\n\t\t\t\t<a data-elementor-open-lightbox=\"yes\" data-elementor-lightbox-slideshow=\"c2b93f6\" data-elementor-lightbox-title=\"tara\" e-action-hash=\"#elementor-action%3Aaction%3Dlightbox%26settings%3DeyJpZCI6MTkwOCwidXJsIjoiaHR0cDpcL1wvcm9sb21hc3RlcnNlbnRhLnJzXC93cC1jb250ZW50XC91cGxvYWRzXC8yMDIwXC8xMVwvdGFyYS5qcGciLCJzbGlkZXNob3ciOiJjMmI5M2Y2In0%3D\" href='http:\/\/rolomastersenta.rs\/wp-content\/uploads\/2020\/11\/tara.jpg'><img width=\"150\" height=\"150\" src=\"http:\/\/rolomastersenta.rs\/wp-content\/uploads\/2020\/11\/tara-150x150.jpg\" class=\"attachment-thumbnail size-thumbnail\" alt=\"\" loading=\"lazy\" \/><\/a>\n\t\t\t<\/div><\/figure><figure class='gallery-item'>\n\t\t\t<div class='gallery-icon portrait'>\n\t\t\t\t<a data-elementor-open-lightbox=\"yes\" data-elementor-lightbox-slideshow=\"c2b93f6\" data-elementor-lightbox-title=\"tedy\" e-action-hash=\"#elementor-action%3Aaction%3Dlightbox%26settings%3DeyJpZCI6MTkwOSwidXJsIjoiaHR0cDpcL1wvcm9sb21hc3RlcnNlbnRhLnJzXC93cC1jb250ZW50XC91cGxvYWRzXC8yMDIwXC8xMVwvdGVkeS5qcGciLCJzbGlkZXNob3ciOiJjMmI5M2Y2In0%3D\" href='http:\/\/rolomastersenta.rs\/wp-content\/uploads\/2020\/11\/tedy.jpg'><img width=\"150\" height=\"150\" src=\"http:\/\/rolomastersenta.rs\/wp-content\/uploads\/2020\/11\/tedy-150x150.jpg\" class=\"attachment-thumbnail size-thumbnail\" alt=\"\" loading=\"lazy\" \/><\/a>\n\t\t\t<\/div><\/figure>\n\t\t<\/div>\n\t\t<\/div>\n\t\t\t\t<\/div>\n\t\t\t\t<\/div>\n\t\t\t\t\t\t<\/div>\n\t\t\t\t\t<\/div>\n\t\t<\/div>\n\t\t\t\t\t\t\t\t<\/div>\n\t\t\t\t\t<\/div>\n\t\t<\/section>\n\t\t\t\t\t\t<\/div>\n\t\t\t\t\t\t<\/div>\n\t\t\t\t\t<\/div>","protected":false},"excerpt":{"rendered":"","protected":false},"author":1,"featured_media":0,"parent":705,"menu_order":0,"comment_status":"closed","ping_status":"closed","template":"page-templates\/pagebuilder.php","meta":[],"yoast_head":"<!-- This site is optimized with the Yoast SEO plugin v18.2 - https:\/\/yoast.com\/wordpress\/plugins\/seo\/ -->\n<title>De\u010diji dezeni - Rolo Master<\/title>\n<meta name=\"description\" content=\"Zebra rolo zavese sa rebrastim dezenom veliki izbor boja\" \/>\n<meta name=\"robots\" content=\"index, follow, max-snippet:-1, max-image-preview:large, max-video-preview:-1\" \/>\n<link rel=\"canonical\" href=\"http:\/\/rolomastersenta.rs\/hu\/proizvodi\/zebra-zavese\/standardni\/\" \/>\n<meta property=\"og:locale\" content=\"hu_HU\" \/>\n<meta property=\"og:type\" content=\"article\" \/>\n<meta property=\"og:title\" content=\"De\u010diji dezeni - Rolo Master\" \/>\n<meta property=\"og:description\" content=\"Zebra rolo zavese sa rebrastim dezenom veliki izbor boja\" \/>\n<meta property=\"og:url\" content=\"http:\/\/rolomastersenta.rs\/hu\/proizvodi\/zebra-zavese\/standardni\/\" \/>\n<meta property=\"og:site_name\" content=\"Rolo Master\" \/>\n<meta property=\"article:modified_time\" content=\"2020-12-01T10:45:23+00:00\" \/>\n<meta property=\"og:image\" content=\"http:\/\/rolomastersenta.rs\/wp-content\/uploads\/2020\/11\/baby-150x150.jpg\" \/>\n<meta name=\"twitter:card\" content=\"summary_large_image\" \/>\n<script type=\"application\/ld+json\" class=\"yoast-schema-graph\">{\"@context\":\"https:\/\/schema.org\",\"@graph\":[{\"@type\":\"WebSite\",\"@id\":\"http:\/\/rolomastersenta.rs\/#website\",\"url\":\"http:\/\/rolomastersenta.rs\/\",\"name\":\"Rolo Master\",\"description\":\"Roletne su veoma bitan deo kao dopuna PVC i ALU stolariji. Imaju va\u017enu ulogu prvenstveno u za\u0161titi od sunca kao i za zvu\u010dnu izolaciju.\",\"potentialAction\":[{\"@type\":\"SearchAction\",\"target\":{\"@type\":\"EntryPoint\",\"urlTemplate\":\"http:\/\/rolomastersenta.rs\/?s={search_term_string}\"},\"query-input\":\"required name=search_term_string\"}],\"inLanguage\":\"hu\"},{\"@type\":\"ImageObject\",\"@id\":\"http:\/\/rolomastersenta.rs\/proizvodi\/zebra-zavese\/standardni\/#primaryimage\",\"inLanguage\":\"hu\",\"url\":\"http:\/\/rolomastersenta.rs\/wp-content\/uploads\/2020\/11\/baby.jpg\",\"contentUrl\":\"http:\/\/rolomastersenta.rs\/wp-content\/uploads\/2020\/11\/baby.jpg\",\"width\":509,\"height\":533},{\"@type\":\"WebPage\",\"@id\":\"http:\/\/rolomastersenta.rs\/proizvodi\/zebra-zavese\/standardni\/#webpage\",\"url\":\"http:\/\/rolomastersenta.rs\/proizvodi\/zebra-zavese\/standardni\/\",\"name\":\"De\u010diji dezeni - Rolo Master\",\"isPartOf\":{\"@id\":\"http:\/\/rolomastersenta.rs\/#website\"},\"primaryImageOfPage\":{\"@id\":\"http:\/\/rolomastersenta.rs\/proizvodi\/zebra-zavese\/standardni\/#primaryimage\"},\"datePublished\":\"2020-05-06T20:09:07+00:00\",\"dateModified\":\"2020-12-01T10:45:23+00:00\",\"description\":\"Zebra rolo zavese sa rebrastim dezenom veliki izbor boja\",\"breadcrumb\":{\"@id\":\"http:\/\/rolomastersenta.rs\/proizvodi\/zebra-zavese\/standardni\/#breadcrumb\"},\"inLanguage\":\"hu\",\"potentialAction\":[{\"@type\":\"ReadAction\",\"target\":[\"http:\/\/rolomastersenta.rs\/proizvodi\/zebra-zavese\/standardni\/\"]}]},{\"@type\":\"BreadcrumbList\",\"@id\":\"http:\/\/rolomastersenta.rs\/proizvodi\/zebra-zavese\/standardni\/#breadcrumb\",\"itemListElement\":[{\"@type\":\"ListItem\",\"position\":1,\"name\":\"Home\",\"item\":\"http:\/\/rolomastersenta.rs\/\"},{\"@type\":\"ListItem\",\"position\":2,\"name\":\"Proizvodi\",\"item\":\"http:\/\/rolomastersenta.rs\/proizvodi\/\"},{\"@type\":\"ListItem\",\"position\":3,\"name\":\"Zebra Zavese\",\"item\":\"http:\/\/rolomastersenta.rs\/proizvodi\/zebra-zavese\/\"},{\"@type\":\"ListItem\",\"position\":4,\"name\":\"De\u010diji dezeni\"}]}]}<\/script>\n<!-- \/ Yoast SEO plugin. -->","yoast_head_json":{"title":"De\u010diji dezeni - Rolo Master","description":"Zebra rolo zavese sa rebrastim dezenom veliki izbor boja","robots":{"index":"index","follow":"follow","max-snippet":"max-snippet:-1","max-image-preview":"max-image-preview:large","max-video-preview":"max-video-preview:-1"},"canonical":"http:\/\/rolomastersenta.rs\/hu\/proizvodi\/zebra-zavese\/standardni\/","og_locale":"hu_HU","og_type":"article","og_title":"De\u010diji dezeni - Rolo Master","og_description":"Zebra rolo zavese sa rebrastim dezenom veliki izbor boja","og_url":"http:\/\/rolomastersenta.rs\/hu\/proizvodi\/zebra-zavese\/standardni\/","og_site_name":"Rolo Master","article_modified_time":"2020-12-01T10:45:23+00:00","og_image":[{"url":"http:\/\/rolomastersenta.rs\/wp-content\/uploads\/2020\/11\/baby-150x150.jpg"}],"twitter_card":"summary_large_image","schema":{"@context":"https:\/\/schema.org","@graph":[{"@type":"WebSite","@id":"http:\/\/rolomastersenta.rs\/#website","url":"http:\/\/rolomastersenta.rs\/","name":"Rolo Master","description":"Roletne su veoma bitan deo kao dopuna PVC i ALU stolariji. Imaju va\u017enu ulogu prvenstveno u za\u0161titi od sunca kao i za zvu\u010dnu izolaciju.","potentialAction":[{"@type":"SearchAction","target":{"@type":"EntryPoint","urlTemplate":"http:\/\/rolomastersenta.rs\/?s={search_term_string}"},"query-input":"required name=search_term_string"}],"inLanguage":"hu"},{"@type":"ImageObject","@id":"http:\/\/rolomastersenta.rs\/proizvodi\/zebra-zavese\/standardni\/#primaryimage","inLanguage":"hu","url":"http:\/\/rolomastersenta.rs\/wp-content\/uploads\/2020\/11\/baby.jpg","contentUrl":"http:\/\/rolomastersenta.rs\/wp-content\/uploads\/2020\/11\/baby.jpg","width":509,"height":533},{"@type":"WebPage","@id":"http:\/\/rolomastersenta.rs\/proizvodi\/zebra-zavese\/standardni\/#webpage","url":"http:\/\/rolomastersenta.rs\/proizvodi\/zebra-zavese\/standardni\/","name":"De\u010diji dezeni - Rolo Master","isPartOf":{"@id":"http:\/\/rolomastersenta.rs\/#website"},"primaryImageOfPage":{"@id":"http:\/\/rolomastersenta.rs\/proizvodi\/zebra-zavese\/standardni\/#primaryimage"},"datePublished":"2020-05-06T20:09:07+00:00","dateModified":"2020-12-01T10:45:23+00:00","description":"Zebra rolo zavese sa rebrastim dezenom veliki izbor boja","breadcrumb":{"@id":"http:\/\/rolomastersenta.rs\/proizvodi\/zebra-zavese\/standardni\/#breadcrumb"},"inLanguage":"hu","potentialAction":[{"@type":"ReadAction","target":["http:\/\/rolomastersenta.rs\/proizvodi\/zebra-zavese\/standardni\/"]}]},{"@type":"BreadcrumbList","@id":"http:\/\/rolomastersenta.rs\/proizvodi\/zebra-zavese\/standardni\/#breadcrumb","itemListElement":[{"@type":"ListItem","position":1,"name":"Home","item":"http:\/\/rolomastersenta.rs\/"},{"@type":"ListItem","position":2,"name":"Proizvodi","item":"http:\/\/rolomastersenta.rs\/proizvodi\/"},{"@type":"ListItem","position":3,"name":"Zebra Zavese","item":"http:\/\/rolomastersenta.rs\/proizvodi\/zebra-zavese\/"},{"@type":"ListItem","position":4,"name":"De\u010diji dezeni"}]}]}},"_links":{"self":[{"href":"http:\/\/rolomastersenta.rs\/hu\/wp-json\/wp\/v2\/pages\/1600"}],"collection":[{"href":"http:\/\/rolomastersenta.rs\/hu\/wp-json\/wp\/v2\/pages"}],"about":[{"href":"http:\/\/rolomastersenta.rs\/hu\/wp-json\/wp\/v2\/types\/page"}],"author":[{"embeddable":true,"href":"http:\/\/rolomastersenta.rs\/hu\/wp-json\/wp\/v2\/users\/1"}],"replies":[{"embeddable":true,"href":"http:\/\/rolomastersenta.rs\/hu\/wp-json\/wp\/v2\/comments?post=1600"}],"version-history":[{"count":6,"href":"http:\/\/rolomastersenta.rs\/hu\/wp-json\/wp\/v2\/pages\/1600\/revisions"}],"predecessor-version":[{"id":1916,"href":"http:\/\/rolomastersenta.rs\/hu\/wp-json\/wp\/v2\/pages\/1600\/revisions\/1916"}],"up":[{"embeddable":true,"href":"http:\/\/rolomastersenta.rs\/hu\/wp-json\/wp\/v2\/pages\/705"}],"wp:attachment":[{"href":"http:\/\/rolomastersenta.rs\/hu\/wp-json\/wp\/v2\/media?parent=1600"}],"curies":[{"name":"wp","href":"https:\/\/api.w.org\/{rel}","templated":true}]}}