{"id":825,"date":"2020-03-11T22:12:31","date_gmt":"2020-03-11T22:12:31","guid":{"rendered":"https:\/\/rolo-master-senta.itsourcesolution.com\/?page_id=825"},"modified":"2020-12-01T10:41:44","modified_gmt":"2020-12-01T10:41:44","slug":"trakaste-zavese","status":"publish","type":"page","link":"http:\/\/rolomastersenta.rs\/hu\/proizvodi\/trakaste-zavese\/","title":{"rendered":"Szalagf\u00fcgg\u00f6ny"},"content":{"rendered":"<div data-elementor-type=\"wp-post\" data-elementor-id=\"825\" class=\"elementor elementor-825\" data-elementor-settings=\"[]\">\n\t\t\t\t\t\t<div class=\"elementor-inner\">\n\t\t\t\t\t\t\t<div class=\"elementor-section-wrap\">\n\t\t\t\t\t\t\t<section class=\"elementor-section elementor-top-section elementor-element elementor-element-60a1226 elementor-section-boxed elementor-section-height-default elementor-section-height-default\" data-id=\"60a1226\" data-element_type=\"section\">\n\t\t\t\t\t\t<div class=\"elementor-container elementor-column-gap-default\">\n\t\t\t\t\t\t\t<div class=\"elementor-row\">\n\t\t\t\t\t<div class=\"elementor-column elementor-col-100 elementor-top-column elementor-element elementor-element-53cc56f\" data-id=\"53cc56f\" data-element_type=\"column\">\n\t\t\t<div class=\"elementor-column-wrap elementor-element-populated\">\n\t\t\t\t\t\t\t<div class=\"elementor-widget-wrap\">\n\t\t\t\t\t\t<div class=\"elementor-element elementor-element-821fdb6 elementor-widget elementor-widget-heading\" data-id=\"821fdb6\" data-element_type=\"widget\" data-widget_type=\"heading.default\">\n\t\t\t\t<div class=\"elementor-widget-container\">\n\t\t\t<h2 class=\"elementor-heading-title elementor-size-default\"><br>Szalagf\u00fcgg\u00f6ny<\/h2>\t\t<\/div>\n\t\t\t\t<\/div>\n\t\t\t\t<div class=\"elementor-element elementor-element-273823e elementor-widget-divider--view-line elementor-widget elementor-widget-divider\" data-id=\"273823e\" data-element_type=\"widget\" data-widget_type=\"divider.default\">\n\t\t\t\t<div class=\"elementor-widget-container\">\n\t\t\t\t\t<div class=\"elementor-divider\">\n\t\t\t<span class=\"elementor-divider-separator\">\n\t\t\t\t\t\t<\/span>\n\t\t<\/div>\n\t\t\t\t<\/div>\n\t\t\t\t<\/div>\n\t\t\t\t<div class=\"elementor-element elementor-element-46bd5bc elementor-pagination-position-outside elementor-widget elementor-widget-image-carousel\" data-id=\"46bd5bc\" data-element_type=\"widget\" data-settings=\"{&quot;slides_to_show&quot;:&quot;1&quot;,&quot;navigation&quot;:&quot;dots&quot;,&quot;autoplay&quot;:&quot;yes&quot;,&quot;pause_on_hover&quot;:&quot;yes&quot;,&quot;pause_on_interaction&quot;:&quot;yes&quot;,&quot;autoplay_speed&quot;:5000,&quot;infinite&quot;:&quot;yes&quot;,&quot;effect&quot;:&quot;slide&quot;,&quot;speed&quot;:500}\" data-widget_type=\"image-carousel.default\">\n\t\t\t\t<div class=\"elementor-widget-container\">\n\t\t\t\t\t<div class=\"elementor-image-carousel-wrapper swiper-container\" dir=\"ltr\">\n\t\t\t<div class=\"elementor-image-carousel swiper-wrapper\">\n\t\t\t\t\t\t\t\t<div class=\"swiper-slide\"><figure class=\"swiper-slide-inner\"><img class=\"swiper-slide-image\" src=\"http:\/\/rolomastersenta.rs\/wp-content\/uploads\/elementor\/thumbs\/IMG_20200314_115442-scaled-omkv1ogm34b6e017eb4ipdna5u9owpw8rkx2ivbkhc.jpg\" alt=\"[:rs]IMG_20200314_115442[:]\" \/><\/figure><\/div><div class=\"swiper-slide\"><figure class=\"swiper-slide-inner\"><img class=\"swiper-slide-image\" src=\"http:\/\/rolomastersenta.rs\/wp-content\/uploads\/elementor\/thumbs\/IMG_20200313_153348-scaled-omj2rpbxhsnh097ne2w0hawg9rk7t3klagpf4e9y7k.jpg\" alt=\"[:rs]IMG_20200313_153348[:]\" \/><\/figure><\/div><div class=\"swiper-slide\"><figure class=\"swiper-slide-inner\"><img class=\"swiper-slide-image\" src=\"http:\/\/rolomastersenta.rs\/wp-content\/uploads\/elementor\/thumbs\/27709814_943319562497323_6441504997846470567_o-omh5j9kdbuoxbrm8h7khcre252gya9rky1i0jnu7ao.jpg\" alt=\"[:rs]27709814_943319562497323_6441504997846470567_o[:]\" \/><\/figure><\/div><div class=\"swiper-slide\"><figure class=\"swiper-slide-inner\"><img class=\"swiper-slide-image\" src=\"http:\/\/rolomastersenta.rs\/wp-content\/uploads\/elementor\/thumbs\/IMG_20200314_115450-scaled-omkv2es3ehb7f2yz4mi2n706smnyw8sq776nym8jn4.jpg\" alt=\"[:rs]IMG_20200314_115450[:]\" \/><\/figure><\/div><div class=\"swiper-slide\"><figure class=\"swiper-slide-inner\"><img class=\"swiper-slide-image\" src=\"http:\/\/rolomastersenta.rs\/wp-content\/uploads\/elementor\/thumbs\/IMG_20200315_111311-scaled-omm5j2kx3323ilc5yn42o3r9ymbya75a63q5uq5z74.jpg\" alt=\"plava trakasta zavesa\" \/><\/figure><\/div>\t\t\t<\/div>\n\t\t\t\t\t\t\t\t\t\t\t\t<div class=\"swiper-pagination\"><\/div>\n\t\t\t\t\t\t\t\t\t\t\t\t\t<\/div>\n\t\t\t\t<\/div>\n\t\t\t\t<\/div>\n\t\t\t\t\t\t<\/div>\n\t\t\t\t\t<\/div>\n\t\t<\/div>\n\t\t\t\t\t\t\t\t<\/div>\n\t\t\t\t\t<\/div>\n\t\t<\/section>\n\t\t\t\t<section class=\"elementor-section elementor-top-section elementor-element elementor-element-967dfb4 elementor-section-boxed elementor-section-height-default elementor-section-height-default\" data-id=\"967dfb4\" data-element_type=\"section\">\n\t\t\t\t\t\t<div class=\"elementor-container elementor-column-gap-default\">\n\t\t\t\t\t\t\t<div class=\"elementor-row\">\n\t\t\t\t\t<div class=\"elementor-column elementor-col-66 elementor-top-column elementor-element elementor-element-7ca53bc\" data-id=\"7ca53bc\" data-element_type=\"column\">\n\t\t\t<div class=\"elementor-column-wrap elementor-element-populated\">\n\t\t\t\t\t\t\t<div class=\"elementor-widget-wrap\">\n\t\t\t\t\t\t<div class=\"elementor-element elementor-element-11e15fe elementor-widget elementor-widget-text-editor\" data-id=\"11e15fe\" data-element_type=\"widget\" data-widget_type=\"text-editor.default\">\n\t\t\t\t<div class=\"elementor-widget-container\">\n\t\t\t\t\t\t\t\t<div class=\"elementor-text-editor elementor-clearfix\">\n\t\t\t\t<p><strong>Szalagf\u00fcgg\u00f6ny<\/strong> korszer\u0171 \u00e9s divatos term\u00e9k, mely b\u00e1rmilyen bels\u0151t\u00e9rnek  lak\u00e1snak , irod\u00e1nak , ki\u00e1ll\u00edt\u00f3teremnek eleg\u00e1ns megjelen\u00e9st biztos\u00edt.<\/p><p>A szalagf\u00fcgg\u00f6ny felszerel\u00e9se \u00e9s kezel\u00e9se egyszer\u0171, lamell\u00e1inak \u00e1ll\u00edt\u00e1s\u00e1val a k\u00edv\u00e1nt m\u00e9rt\u00e9kben szab\u00e1lyozhat\u00f3 a be\u00e1raml\u00f3 f\u00e9ny mennyis\u00e9ge, karbantart\u00e1st nem ig\u00e9nyel. Szerelhet\u0151 mennyezetre tart\u00f3lemezekkel vagy oldalfalra tart\u00f3 konzolokkal. A szalagf\u00fcgg\u00f6ny lamell\u00e1k speci\u00e1lis portasz\u00edt\u00f3 anyaggal kezeltek, \u00edgy k\u00fcl\u00f6n\u00f6sebb tiszt\u00e1ntart\u00e1st nem ig\u00e9nyelnek.<\/p><p>\u00a0Szalagf\u00fcgg\u00f6ny\u00f6k b\u0151s\u00e9ges anyag \u00e9s sz\u00ednv\u00e1laszt\u00e9kb\u00f3l rendelhet\u0151k!<\/p>\t\t\t\t\t<\/div>\n\t\t\t\t\t\t<\/div>\n\t\t\t\t<\/div>\n\t\t\t\t<div class=\"elementor-element elementor-element-e633145 elementor-widget elementor-widget-text-editor\" data-id=\"e633145\" data-element_type=\"widget\" data-widget_type=\"text-editor.default\">\n\t\t\t\t<div class=\"elementor-widget-container\">\n\t\t\t\t\t\t\t\t<div class=\"elementor-text-editor elementor-clearfix\">\n\t\t\t\t<p>Prevenstveno slu\u017ee za pokrivanje velikih otvora, \u0161irokih izloga, \u010desto se koriste u poslovnim objektima i lokalima , ali imaju sve ve\u0107u primenu i u doma\u0107instvu.<\/p>\t\t\t\t\t<\/div>\n\t\t\t\t\t\t<\/div>\n\t\t\t\t<\/div>\n\t\t\t\t\t\t<\/div>\n\t\t\t\t\t<\/div>\n\t\t<\/div>\n\t\t\t\t<div class=\"elementor-column elementor-col-33 elementor-top-column elementor-element elementor-element-4a0904c\" data-id=\"4a0904c\" data-element_type=\"column\">\n\t\t\t<div class=\"elementor-column-wrap elementor-element-populated\">\n\t\t\t\t\t\t\t<div class=\"elementor-widget-wrap\">\n\t\t\t\t\t\t<section class=\"elementor-section elementor-inner-section elementor-element elementor-element-377175a elementor-section-boxed elementor-section-height-default elementor-section-height-default\" data-id=\"377175a\" data-element_type=\"section\" data-settings=\"{&quot;background_background&quot;:&quot;classic&quot;}\">\n\t\t\t\t\t\t<div class=\"elementor-container elementor-column-gap-default\">\n\t\t\t\t\t\t\t<div class=\"elementor-row\">\n\t\t\t\t\t<div class=\"elementor-column elementor-col-100 elementor-inner-column elementor-element elementor-element-d126b04\" data-id=\"d126b04\" data-element_type=\"column\">\n\t\t\t<div class=\"elementor-column-wrap elementor-element-populated\">\n\t\t\t\t\t\t\t<div class=\"elementor-widget-wrap\">\n\t\t\t\t\t\t<div class=\"elementor-element elementor-element-b47125e elementor-widget elementor-widget-button\" data-id=\"b47125e\" data-element_type=\"widget\" data-widget_type=\"button.default\">\n\t\t\t\t<div class=\"elementor-widget-container\">\n\t\t\t\t\t<div class=\"elementor-button-wrapper\">\n\t\t\t<a href=\"http:\/\/rolomastersenta.rs\/hu\/kontakt\/\" class=\"elementor-button-link elementor-button elementor-size-sm\" role=\"button\">\n\t\t\t\t\t\t<span class=\"elementor-button-content-wrapper\">\n\t\t\t\t\t\t<span class=\"elementor-button-icon elementor-align-icon-left\">\n\t\t\t\t<i aria-hidden=\"true\" class=\"fas fa-phone-alt\"><\/i>\t\t\t<\/span>\n\t\t\t\t\t\t<span class=\"elementor-button-text\">Keressen fel minket!<\/span>\n\t\t<\/span>\n\t\t\t\t\t<\/a>\n\t\t<\/div>\n\t\t\t\t<\/div>\n\t\t\t\t<\/div>\n\t\t\t\t\t\t<\/div>\n\t\t\t\t\t<\/div>\n\t\t<\/div>\n\t\t\t\t\t\t\t\t<\/div>\n\t\t\t\t\t<\/div>\n\t\t<\/section>\n\t\t\t\t\t\t<\/div>\n\t\t\t\t\t<\/div>\n\t\t<\/div>\n\t\t\t\t\t\t\t\t<\/div>\n\t\t\t\t\t<\/div>\n\t\t<\/section>\n\t\t\t\t<section class=\"elementor-section elementor-top-section elementor-element elementor-element-c27edfb elementor-section-boxed elementor-section-height-default elementor-section-height-default\" data-id=\"c27edfb\" data-element_type=\"section\">\n\t\t\t\t\t\t<div class=\"elementor-container elementor-column-gap-default\">\n\t\t\t\t\t\t\t<div class=\"elementor-row\">\n\t\t\t\t\t<div class=\"elementor-column elementor-col-100 elementor-top-column elementor-element elementor-element-fc21b73\" data-id=\"fc21b73\" data-element_type=\"column\">\n\t\t\t<div class=\"elementor-column-wrap elementor-element-populated\">\n\t\t\t\t\t\t\t<div class=\"elementor-widget-wrap\">\n\t\t\t\t\t\t<div class=\"elementor-element elementor-element-b952d66 elementor-widget elementor-widget-heading\" data-id=\"b952d66\" data-element_type=\"widget\" data-widget_type=\"heading.default\">\n\t\t\t\t<div class=\"elementor-widget-container\">\n\t\t\t<h2 class=\"elementor-heading-title elementor-size-default\">A k\u00f6vetkez\u0151 sz\u00ednekben kaphat\u00f3k:<\/h2>\t\t<\/div>\n\t\t\t\t<\/div>\n\t\t\t\t\t\t<\/div>\n\t\t\t\t\t<\/div>\n\t\t<\/div>\n\t\t\t\t\t\t\t\t<\/div>\n\t\t\t\t\t<\/div>\n\t\t<\/section>\n\t\t\t\t<section class=\"elementor-section elementor-top-section elementor-element elementor-element-0af4783 elementor-section-boxed elementor-section-height-default elementor-section-height-default\" data-id=\"0af4783\" data-element_type=\"section\" data-settings=\"{&quot;background_background&quot;:&quot;classic&quot;}\">\n\t\t\t\t\t\t<div class=\"elementor-container elementor-column-gap-default\">\n\t\t\t\t\t\t\t<div class=\"elementor-row\">\n\t\t\t\t\t<div class=\"elementor-column elementor-col-20 elementor-top-column elementor-element elementor-element-6d4db5f\" data-id=\"6d4db5f\" data-element_type=\"column\">\n\t\t\t<div class=\"elementor-column-wrap elementor-element-populated\">\n\t\t\t\t\t\t\t<div class=\"elementor-widget-wrap\">\n\t\t\t\t\t\t<div class=\"elementor-element elementor-element-b9094a3 elementor-widget elementor-widget-image\" data-id=\"b9094a3\" data-element_type=\"widget\" data-widget_type=\"image.default\">\n\t\t\t\t<div class=\"elementor-widget-container\">\n\t\t\t\t\t\t\t\t<div class=\"elementor-image\">\n\t\t\t\t\t\t\t\t\t\t\t\t<img width=\"425\" height=\"1024\" src=\"http:\/\/rolomastersenta.rs\/wp-content\/uploads\/2020\/03\/tr2-425x1024.jpg\" class=\"attachment-large size-large\" alt=\"\" loading=\"lazy\" srcset=\"http:\/\/rolomastersenta.rs\/wp-content\/uploads\/2020\/03\/tr2-425x1024.jpg 425w, http:\/\/rolomastersenta.rs\/wp-content\/uploads\/2020\/03\/tr2-124x300.jpg 124w, http:\/\/rolomastersenta.rs\/wp-content\/uploads\/2020\/03\/tr2-768x1852.jpg 768w, http:\/\/rolomastersenta.rs\/wp-content\/uploads\/2020\/03\/tr2-637x1536.jpg 637w, http:\/\/rolomastersenta.rs\/wp-content\/uploads\/2020\/03\/tr2-849x2048.jpg 849w, http:\/\/rolomastersenta.rs\/wp-content\/uploads\/2020\/03\/tr2-scaled.jpg 1062w\" sizes=\"(max-width: 425px) 100vw, 425px\" \/>\t\t\t\t\t\t\t\t\t\t\t\t\t\t<\/div>\n\t\t\t\t\t\t<\/div>\n\t\t\t\t<\/div>\n\t\t\t\t\t\t<\/div>\n\t\t\t\t\t<\/div>\n\t\t<\/div>\n\t\t\t\t<div class=\"elementor-column elementor-col-20 elementor-top-column elementor-element elementor-element-5bf8987\" data-id=\"5bf8987\" data-element_type=\"column\">\n\t\t\t<div class=\"elementor-column-wrap elementor-element-populated\">\n\t\t\t\t\t\t\t<div class=\"elementor-widget-wrap\">\n\t\t\t\t\t\t<div class=\"elementor-element elementor-element-4904540 elementor-widget elementor-widget-image\" data-id=\"4904540\" data-element_type=\"widget\" data-widget_type=\"image.default\">\n\t\t\t\t<div class=\"elementor-widget-container\">\n\t\t\t\t\t\t\t\t<div class=\"elementor-image\">\n\t\t\t\t\t\t\t\t\t\t\t\t<img width=\"399\" height=\"1024\" src=\"http:\/\/rolomastersenta.rs\/wp-content\/uploads\/2020\/03\/tr3-1-399x1024.jpg\" class=\"attachment-large size-large\" alt=\"\" loading=\"lazy\" srcset=\"http:\/\/rolomastersenta.rs\/wp-content\/uploads\/2020\/03\/tr3-1-399x1024.jpg 399w, http:\/\/rolomastersenta.rs\/wp-content\/uploads\/2020\/03\/tr3-1-117x300.jpg 117w, http:\/\/rolomastersenta.rs\/wp-content\/uploads\/2020\/03\/tr3-1-768x1969.jpg 768w, http:\/\/rolomastersenta.rs\/wp-content\/uploads\/2020\/03\/tr3-1-599x1536.jpg 599w, http:\/\/rolomastersenta.rs\/wp-content\/uploads\/2020\/03\/tr3-1-799x2048.jpg 799w\" sizes=\"(max-width: 399px) 100vw, 399px\" \/>\t\t\t\t\t\t\t\t\t\t\t\t\t\t<\/div>\n\t\t\t\t\t\t<\/div>\n\t\t\t\t<\/div>\n\t\t\t\t\t\t<\/div>\n\t\t\t\t\t<\/div>\n\t\t<\/div>\n\t\t\t\t<div class=\"elementor-column elementor-col-20 elementor-top-column elementor-element elementor-element-9d4f9f5\" data-id=\"9d4f9f5\" data-element_type=\"column\">\n\t\t\t<div class=\"elementor-column-wrap elementor-element-populated\">\n\t\t\t\t\t\t\t<div class=\"elementor-widget-wrap\">\n\t\t\t\t\t\t<div class=\"elementor-element elementor-element-757ad6a elementor-widget elementor-widget-image\" data-id=\"757ad6a\" data-element_type=\"widget\" data-widget_type=\"image.default\">\n\t\t\t\t<div class=\"elementor-widget-container\">\n\t\t\t\t\t\t\t\t<div class=\"elementor-image\">\n\t\t\t\t\t\t\t\t\t\t\t\t<img width=\"451\" height=\"1024\" src=\"http:\/\/rolomastersenta.rs\/wp-content\/uploads\/2020\/03\/tr1-1-451x1024.jpg\" class=\"attachment-large size-large\" alt=\"\" loading=\"lazy\" srcset=\"http:\/\/rolomastersenta.rs\/wp-content\/uploads\/2020\/03\/tr1-1-451x1024.jpg 451w, http:\/\/rolomastersenta.rs\/wp-content\/uploads\/2020\/03\/tr1-1-132x300.jpg 132w, http:\/\/rolomastersenta.rs\/wp-content\/uploads\/2020\/03\/tr1-1-768x1743.jpg 768w, http:\/\/rolomastersenta.rs\/wp-content\/uploads\/2020\/03\/tr1-1-677x1536.jpg 677w, http:\/\/rolomastersenta.rs\/wp-content\/uploads\/2020\/03\/tr1-1-902x2048.jpg 902w, http:\/\/rolomastersenta.rs\/wp-content\/uploads\/2020\/03\/tr1-1.jpg 993w\" sizes=\"(max-width: 451px) 100vw, 451px\" \/>\t\t\t\t\t\t\t\t\t\t\t\t\t\t<\/div>\n\t\t\t\t\t\t<\/div>\n\t\t\t\t<\/div>\n\t\t\t\t\t\t<\/div>\n\t\t\t\t\t<\/div>\n\t\t<\/div>\n\t\t\t\t<div class=\"elementor-column elementor-col-20 elementor-top-column elementor-element elementor-element-9f778cb\" data-id=\"9f778cb\" data-element_type=\"column\">\n\t\t\t<div class=\"elementor-column-wrap elementor-element-populated\">\n\t\t\t\t\t\t\t<div class=\"elementor-widget-wrap\">\n\t\t\t\t\t\t<div class=\"elementor-element elementor-element-727869a elementor-widget elementor-widget-image\" data-id=\"727869a\" data-element_type=\"widget\" data-widget_type=\"image.default\">\n\t\t\t\t<div class=\"elementor-widget-container\">\n\t\t\t\t\t\t\t\t<div class=\"elementor-image\">\n\t\t\t\t\t\t\t\t\t\t\t\t<img width=\"577\" height=\"1024\" src=\"http:\/\/rolomastersenta.rs\/wp-content\/uploads\/2020\/03\/tr4-577x1024.jpg\" class=\"attachment-large size-large\" alt=\"\" loading=\"lazy\" srcset=\"http:\/\/rolomastersenta.rs\/wp-content\/uploads\/2020\/03\/tr4-577x1024.jpg 577w, http:\/\/rolomastersenta.rs\/wp-content\/uploads\/2020\/03\/tr4-169x300.jpg 169w, http:\/\/rolomastersenta.rs\/wp-content\/uploads\/2020\/03\/tr4-768x1363.jpg 768w, http:\/\/rolomastersenta.rs\/wp-content\/uploads\/2020\/03\/tr4-866x1536.jpg 866w, http:\/\/rolomastersenta.rs\/wp-content\/uploads\/2020\/03\/tr4-1154x2048.jpg 1154w, http:\/\/rolomastersenta.rs\/wp-content\/uploads\/2020\/03\/tr4-scaled.jpg 1443w\" sizes=\"(max-width: 577px) 100vw, 577px\" \/>\t\t\t\t\t\t\t\t\t\t\t\t\t\t<\/div>\n\t\t\t\t\t\t<\/div>\n\t\t\t\t<\/div>\n\t\t\t\t\t\t<\/div>\n\t\t\t\t\t<\/div>\n\t\t<\/div>\n\t\t\t\t<div class=\"elementor-column elementor-col-20 elementor-top-column elementor-element elementor-element-ed4655d\" data-id=\"ed4655d\" data-element_type=\"column\">\n\t\t\t<div class=\"elementor-column-wrap elementor-element-populated\">\n\t\t\t\t\t\t\t<div class=\"elementor-widget-wrap\">\n\t\t\t\t\t\t<div class=\"elementor-element elementor-element-906e3b4 elementor-widget elementor-widget-image\" data-id=\"906e3b4\" data-element_type=\"widget\" data-widget_type=\"image.default\">\n\t\t\t\t<div class=\"elementor-widget-container\">\n\t\t\t\t\t\t\t\t<div class=\"elementor-image\">\n\t\t\t\t\t\t\t\t\t\t\t\t<img width=\"556\" height=\"1024\" src=\"http:\/\/rolomastersenta.rs\/wp-content\/uploads\/2020\/03\/tr5-556x1024.jpg\" class=\"attachment-large size-large\" alt=\"\" loading=\"lazy\" srcset=\"http:\/\/rolomastersenta.rs\/wp-content\/uploads\/2020\/03\/tr5-556x1024.jpg 556w, http:\/\/rolomastersenta.rs\/wp-content\/uploads\/2020\/03\/tr5-163x300.jpg 163w, http:\/\/rolomastersenta.rs\/wp-content\/uploads\/2020\/03\/tr5-768x1414.jpg 768w, http:\/\/rolomastersenta.rs\/wp-content\/uploads\/2020\/03\/tr5-834x1536.jpg 834w, http:\/\/rolomastersenta.rs\/wp-content\/uploads\/2020\/03\/tr5-1112x2048.jpg 1112w, http:\/\/rolomastersenta.rs\/wp-content\/uploads\/2020\/03\/tr5-scaled.jpg 1390w\" sizes=\"(max-width: 556px) 100vw, 556px\" \/>\t\t\t\t\t\t\t\t\t\t\t\t\t\t<\/div>\n\t\t\t\t\t\t<\/div>\n\t\t\t\t<\/div>\n\t\t\t\t\t\t<\/div>\n\t\t\t\t\t<\/div>\n\t\t<\/div>\n\t\t\t\t\t\t\t\t<\/div>\n\t\t\t\t\t<\/div>\n\t\t<\/section>\n\t\t\t\t\t\t<\/div>\n\t\t\t\t\t\t<\/div>\n\t\t\t\t\t<\/div>","protected":false},"excerpt":{"rendered":"<p>[:rs][:]<\/p>","protected":false},"author":1,"featured_media":0,"parent":10,"menu_order":0,"comment_status":"closed","ping_status":"closed","template":"page-templates\/pagebuilder.php","meta":[],"yoast_head":"<!-- This site is optimized with the Yoast SEO plugin v18.2 - https:\/\/yoast.com\/wordpress\/plugins\/seo\/ -->\n<title>Trakaste Zavese za pokrivanje velikih povr\u0161ina - Rolo Master Senta<\/title>\n<meta name=\"description\" content=\"Trakaste zavese slu\u017ee za pokrivanje velikih otvora, \u0161irokih izloga, \u010desto se koriste u poslovnim objektima i lokalima kao i u doma\u0107instvu.\" \/>\n<meta name=\"robots\" content=\"index, follow, max-snippet:-1, max-image-preview:large, max-video-preview:-1\" \/>\n<link rel=\"canonical\" href=\"http:\/\/rolomastersenta.rs\/hu\/proizvodi\/trakaste-zavese\/\" \/>\n<meta property=\"og:locale\" content=\"hu_HU\" \/>\n<meta property=\"og:type\" content=\"article\" \/>\n<meta property=\"og:title\" content=\"Trakaste Zavese za pokrivanje velikih povr\u0161ina - Rolo Master Senta\" \/>\n<meta property=\"og:description\" content=\"Trakaste zavese slu\u017ee za pokrivanje velikih otvora, \u0161irokih izloga, \u010desto se koriste u poslovnim objektima i lokalima kao i u doma\u0107instvu.\" \/>\n<meta property=\"og:url\" content=\"http:\/\/rolomastersenta.rs\/hu\/proizvodi\/trakaste-zavese\/\" \/>\n<meta property=\"og:site_name\" content=\"Rolo Master\" \/>\n<meta property=\"article:modified_time\" content=\"2020-12-01T10:41:44+00:00\" \/>\n<meta property=\"og:image\" content=\"http:\/\/rolomastersenta.rs\/wp-content\/uploads\/elementor\/thumbs\/IMG_20200314_115442-scaled-omkv1ogm34b6e017eb4ipdna5u9owpw8rkx2ivbkhc.jpg\" \/>\n<meta name=\"twitter:card\" content=\"summary_large_image\" \/>\n<meta name=\"twitter:label1\" content=\"Becs\u00fclt olvas\u00e1si id\u0151\" \/>\n\t<meta name=\"twitter:data1\" content=\"1 perc\" \/>\n<script type=\"application\/ld+json\" class=\"yoast-schema-graph\">{\"@context\":\"https:\/\/schema.org\",\"@graph\":[{\"@type\":\"WebSite\",\"@id\":\"http:\/\/rolomastersenta.rs\/#website\",\"url\":\"http:\/\/rolomastersenta.rs\/\",\"name\":\"Rolo Master\",\"description\":\"Roletne su veoma bitan deo kao dopuna PVC i ALU stolariji. Imaju va\u017enu ulogu prvenstveno u za\u0161titi od sunca kao i za zvu\u010dnu izolaciju.\",\"potentialAction\":[{\"@type\":\"SearchAction\",\"target\":{\"@type\":\"EntryPoint\",\"urlTemplate\":\"http:\/\/rolomastersenta.rs\/?s={search_term_string}\"},\"query-input\":\"required name=search_term_string\"}],\"inLanguage\":\"hu\"},{\"@type\":\"ImageObject\",\"@id\":\"http:\/\/rolomastersenta.rs\/proizvodi\/trakaste-zavese\/#primaryimage\",\"inLanguage\":\"hu\",\"url\":\"http:\/\/rolomastersenta.rs\/wp-content\/uploads\/elementor\/thumbs\/IMG_20200314_115442-scaled-omkv1ogm34b6e017eb4ipdna5u9owpw8rkx2ivbkhc.jpg\",\"contentUrl\":\"http:\/\/rolomastersenta.rs\/wp-content\/uploads\/elementor\/thumbs\/IMG_20200314_115442-scaled-omkv1ogm34b6e017eb4ipdna5u9owpw8rkx2ivbkhc.jpg\"},{\"@type\":\"WebPage\",\"@id\":\"http:\/\/rolomastersenta.rs\/proizvodi\/trakaste-zavese\/#webpage\",\"url\":\"http:\/\/rolomastersenta.rs\/proizvodi\/trakaste-zavese\/\",\"name\":\"Trakaste Zavese za pokrivanje velikih povr\u0161ina - Rolo Master Senta\",\"isPartOf\":{\"@id\":\"http:\/\/rolomastersenta.rs\/#website\"},\"primaryImageOfPage\":{\"@id\":\"http:\/\/rolomastersenta.rs\/proizvodi\/trakaste-zavese\/#primaryimage\"},\"datePublished\":\"2020-03-11T22:12:31+00:00\",\"dateModified\":\"2020-12-01T10:41:44+00:00\",\"description\":\"Trakaste zavese slu\u017ee za pokrivanje velikih otvora, \u0161irokih izloga, \u010desto se koriste u poslovnim objektima i lokalima kao i u doma\u0107instvu.\",\"breadcrumb\":{\"@id\":\"http:\/\/rolomastersenta.rs\/proizvodi\/trakaste-zavese\/#breadcrumb\"},\"inLanguage\":\"hu\",\"potentialAction\":[{\"@type\":\"ReadAction\",\"target\":[\"http:\/\/rolomastersenta.rs\/proizvodi\/trakaste-zavese\/\"]}]},{\"@type\":\"BreadcrumbList\",\"@id\":\"http:\/\/rolomastersenta.rs\/proizvodi\/trakaste-zavese\/#breadcrumb\",\"itemListElement\":[{\"@type\":\"ListItem\",\"position\":1,\"name\":\"Home\",\"item\":\"http:\/\/rolomastersenta.rs\/\"},{\"@type\":\"ListItem\",\"position\":2,\"name\":\"Proizvodi\",\"item\":\"http:\/\/rolomastersenta.rs\/proizvodi\/\"},{\"@type\":\"ListItem\",\"position\":3,\"name\":\"Trakaste Zavese\"}]}]}<\/script>\n<!-- \/ Yoast SEO plugin. -->","yoast_head_json":{"title":"Trakaste Zavese za pokrivanje velikih povr\u0161ina - Rolo Master Senta","description":"Trakaste zavese slu\u017ee za pokrivanje velikih otvora, \u0161irokih izloga, \u010desto se koriste u poslovnim objektima i lokalima kao i u doma\u0107instvu.","robots":{"index":"index","follow":"follow","max-snippet":"max-snippet:-1","max-image-preview":"max-image-preview:large","max-video-preview":"max-video-preview:-1"},"canonical":"http:\/\/rolomastersenta.rs\/hu\/proizvodi\/trakaste-zavese\/","og_locale":"hu_HU","og_type":"article","og_title":"Trakaste Zavese za pokrivanje velikih povr\u0161ina - Rolo Master Senta","og_description":"Trakaste zavese slu\u017ee za pokrivanje velikih otvora, \u0161irokih izloga, \u010desto se koriste u poslovnim objektima i lokalima kao i u doma\u0107instvu.","og_url":"http:\/\/rolomastersenta.rs\/hu\/proizvodi\/trakaste-zavese\/","og_site_name":"Rolo Master","article_modified_time":"2020-12-01T10:41:44+00:00","og_image":[{"url":"http:\/\/rolomastersenta.rs\/wp-content\/uploads\/elementor\/thumbs\/IMG_20200314_115442-scaled-omkv1ogm34b6e017eb4ipdna5u9owpw8rkx2ivbkhc.jpg"}],"twitter_card":"summary_large_image","twitter_misc":{"Becs\u00fclt olvas\u00e1si id\u0151":"1 perc"},"schema":{"@context":"https:\/\/schema.org","@graph":[{"@type":"WebSite","@id":"http:\/\/rolomastersenta.rs\/#website","url":"http:\/\/rolomastersenta.rs\/","name":"Rolo Master","description":"Roletne su veoma bitan deo kao dopuna PVC i ALU stolariji. Imaju va\u017enu ulogu prvenstveno u za\u0161titi od sunca kao i za zvu\u010dnu izolaciju.","potentialAction":[{"@type":"SearchAction","target":{"@type":"EntryPoint","urlTemplate":"http:\/\/rolomastersenta.rs\/?s={search_term_string}"},"query-input":"required name=search_term_string"}],"inLanguage":"hu"},{"@type":"ImageObject","@id":"http:\/\/rolomastersenta.rs\/proizvodi\/trakaste-zavese\/#primaryimage","inLanguage":"hu","url":"http:\/\/rolomastersenta.rs\/wp-content\/uploads\/elementor\/thumbs\/IMG_20200314_115442-scaled-omkv1ogm34b6e017eb4ipdna5u9owpw8rkx2ivbkhc.jpg","contentUrl":"http:\/\/rolomastersenta.rs\/wp-content\/uploads\/elementor\/thumbs\/IMG_20200314_115442-scaled-omkv1ogm34b6e017eb4ipdna5u9owpw8rkx2ivbkhc.jpg"},{"@type":"WebPage","@id":"http:\/\/rolomastersenta.rs\/proizvodi\/trakaste-zavese\/#webpage","url":"http:\/\/rolomastersenta.rs\/proizvodi\/trakaste-zavese\/","name":"Trakaste Zavese za pokrivanje velikih povr\u0161ina - Rolo Master Senta","isPartOf":{"@id":"http:\/\/rolomastersenta.rs\/#website"},"primaryImageOfPage":{"@id":"http:\/\/rolomastersenta.rs\/proizvodi\/trakaste-zavese\/#primaryimage"},"datePublished":"2020-03-11T22:12:31+00:00","dateModified":"2020-12-01T10:41:44+00:00","description":"Trakaste zavese slu\u017ee za pokrivanje velikih otvora, \u0161irokih izloga, \u010desto se koriste u poslovnim objektima i lokalima kao i u doma\u0107instvu.","breadcrumb":{"@id":"http:\/\/rolomastersenta.rs\/proizvodi\/trakaste-zavese\/#breadcrumb"},"inLanguage":"hu","potentialAction":[{"@type":"ReadAction","target":["http:\/\/rolomastersenta.rs\/proizvodi\/trakaste-zavese\/"]}]},{"@type":"BreadcrumbList","@id":"http:\/\/rolomastersenta.rs\/proizvodi\/trakaste-zavese\/#breadcrumb","itemListElement":[{"@type":"ListItem","position":1,"name":"Home","item":"http:\/\/rolomastersenta.rs\/"},{"@type":"ListItem","position":2,"name":"Proizvodi","item":"http:\/\/rolomastersenta.rs\/proizvodi\/"},{"@type":"ListItem","position":3,"name":"Trakaste Zavese"}]}]}},"_links":{"self":[{"href":"http:\/\/rolomastersenta.rs\/hu\/wp-json\/wp\/v2\/pages\/825"}],"collection":[{"href":"http:\/\/rolomastersenta.rs\/hu\/wp-json\/wp\/v2\/pages"}],"about":[{"href":"http:\/\/rolomastersenta.rs\/hu\/wp-json\/wp\/v2\/types\/page"}],"author":[{"embeddable":true,"href":"http:\/\/rolomastersenta.rs\/hu\/wp-json\/wp\/v2\/users\/1"}],"replies":[{"embeddable":true,"href":"http:\/\/rolomastersenta.rs\/hu\/wp-json\/wp\/v2\/comments?post=825"}],"version-history":[{"count":26,"href":"http:\/\/rolomastersenta.rs\/hu\/wp-json\/wp\/v2\/pages\/825\/revisions"}],"predecessor-version":[{"id":1435,"href":"http:\/\/rolomastersenta.rs\/hu\/wp-json\/wp\/v2\/pages\/825\/revisions\/1435"}],"up":[{"embeddable":true,"href":"http:\/\/rolomastersenta.rs\/hu\/wp-json\/wp\/v2\/pages\/10"}],"wp:attachment":[{"href":"http:\/\/rolomastersenta.rs\/hu\/wp-json\/wp\/v2\/media?parent=825"}],"curies":[{"name":"wp","href":"https:\/\/api.w.org\/{rel}","templated":true}]}}