{"id":869,"date":"2020-03-12T20:18:12","date_gmt":"2020-03-12T20:18:12","guid":{"rendered":"https:\/\/rolo-master-senta.itsourcesolution.com\/?page_id=869"},"modified":"2021-08-27T14:16:45","modified_gmt":"2021-08-27T14:16:45","slug":"rolo-zavese","status":"publish","type":"page","link":"http:\/\/rolomastersenta.rs\/hu\/proizvodi\/rolo-zavese\/","title":{"rendered":"Rol\u00f3s f\u00fcgg\u00f6ny\u00f6k"},"content":{"rendered":"<div data-elementor-type=\"wp-post\" data-elementor-id=\"869\" class=\"elementor elementor-869\" data-elementor-settings=\"[]\">\n\t\t\t\t\t\t<div class=\"elementor-inner\">\n\t\t\t\t\t\t\t<div class=\"elementor-section-wrap\">\n\t\t\t\t\t\t\t<section class=\"elementor-section elementor-top-section elementor-element elementor-element-60a1226 elementor-section-boxed elementor-section-height-default elementor-section-height-default\" data-id=\"60a1226\" data-element_type=\"section\">\n\t\t\t\t\t\t<div class=\"elementor-container elementor-column-gap-default\">\n\t\t\t\t\t\t\t<div class=\"elementor-row\">\n\t\t\t\t\t<div class=\"elementor-column elementor-col-100 elementor-top-column elementor-element elementor-element-53cc56f\" data-id=\"53cc56f\" data-element_type=\"column\">\n\t\t\t<div class=\"elementor-column-wrap elementor-element-populated\">\n\t\t\t\t\t\t\t<div class=\"elementor-widget-wrap\">\n\t\t\t\t\t\t<div class=\"elementor-element elementor-element-821fdb6 elementor-widget elementor-widget-heading\" data-id=\"821fdb6\" data-element_type=\"widget\" data-widget_type=\"heading.default\">\n\t\t\t\t<div class=\"elementor-widget-container\">\n\t\t\t<h2 class=\"elementor-heading-title elementor-size-default\">Rol\u00f3s f\u00fcgg\u00f6ny\u00f6k<\/h2>\t\t<\/div>\n\t\t\t\t<\/div>\n\t\t\t\t<div class=\"elementor-element elementor-element-273823e elementor-widget-divider--view-line elementor-widget elementor-widget-divider\" data-id=\"273823e\" data-element_type=\"widget\" data-widget_type=\"divider.default\">\n\t\t\t\t<div class=\"elementor-widget-container\">\n\t\t\t\t\t<div class=\"elementor-divider\">\n\t\t\t<span class=\"elementor-divider-separator\">\n\t\t\t\t\t\t<\/span>\n\t\t<\/div>\n\t\t\t\t<\/div>\n\t\t\t\t<\/div>\n\t\t\t\t<div class=\"elementor-element elementor-element-46bd5bc elementor-pagination-position-outside elementor-widget elementor-widget-image-carousel\" data-id=\"46bd5bc\" data-element_type=\"widget\" data-settings=\"{&quot;slides_to_show&quot;:&quot;1&quot;,&quot;navigation&quot;:&quot;dots&quot;,&quot;autoplay&quot;:&quot;yes&quot;,&quot;pause_on_hover&quot;:&quot;yes&quot;,&quot;pause_on_interaction&quot;:&quot;yes&quot;,&quot;autoplay_speed&quot;:5000,&quot;infinite&quot;:&quot;yes&quot;,&quot;effect&quot;:&quot;slide&quot;,&quot;speed&quot;:500}\" data-widget_type=\"image-carousel.default\">\n\t\t\t\t<div class=\"elementor-widget-container\">\n\t\t\t\t\t<div class=\"elementor-image-carousel-wrapper swiper-container\" dir=\"ltr\">\n\t\t\t<div class=\"elementor-image-carousel swiper-wrapper\">\n\t\t\t\t\t\t\t\t<div class=\"swiper-slide\"><figure class=\"swiper-slide-inner\"><img class=\"swiper-slide-image\" src=\"http:\/\/rolomastersenta.rs\/wp-content\/uploads\/elementor\/thumbs\/rolo-zavesa-zelena-oo0lhpwcxu0t7r0ixoyctjfia10ixgysokf3qsive8.jpg\" alt=\"rolo zavesa zelena\" \/><\/figure><\/div><div class=\"swiper-slide\"><figure class=\"swiper-slide-inner\"><img class=\"swiper-slide-image\" src=\"http:\/\/rolomastersenta.rs\/wp-content\/uploads\/elementor\/thumbs\/IMG-a89ca542e8b47b291dfb00a99951a033-V-pc8hxa3888bw6yuglay584gwbrvf31dizwzyjimusw.jpg\" alt=\"IMG-a89ca542e8b47b291dfb00a99951a033-V\" \/><\/figure><\/div><div class=\"swiper-slide\"><figure class=\"swiper-slide-inner\"><img class=\"swiper-slide-image\" src=\"http:\/\/rolomastersenta.rs\/wp-content\/uploads\/elementor\/thumbs\/rolo-zaveseslide-omv4esfji31vf98lm23blwdwbii6o6i2a5zmfnka5s.jpg\" alt=\"rolo-zaveseslide\" \/><\/figure><\/div><div class=\"swiper-slide\"><figure class=\"swiper-slide-inner\"><img class=\"swiper-slide-image\" src=\"http:\/\/rolomastersenta.rs\/wp-content\/uploads\/elementor\/thumbs\/rolozavese2-omh64mgcmbxh4sldrfxb0dd429776ok0jr574065ww.jpg\" alt=\"[:rs]rolozavese2[:]\" \/><\/figure><\/div>\t\t\t<\/div>\n\t\t\t\t\t\t\t\t\t\t\t\t<div class=\"swiper-pagination\"><\/div>\n\t\t\t\t\t\t\t\t\t\t\t\t\t<\/div>\n\t\t\t\t<\/div>\n\t\t\t\t<\/div>\n\t\t\t\t\t\t<\/div>\n\t\t\t\t\t<\/div>\n\t\t<\/div>\n\t\t\t\t\t\t\t\t<\/div>\n\t\t\t\t\t<\/div>\n\t\t<\/section>\n\t\t\t\t<section class=\"elementor-section elementor-top-section elementor-element elementor-element-967dfb4 elementor-section-boxed elementor-section-height-default elementor-section-height-default\" data-id=\"967dfb4\" data-element_type=\"section\">\n\t\t\t\t\t\t<div class=\"elementor-container elementor-column-gap-default\">\n\t\t\t\t\t\t\t<div class=\"elementor-row\">\n\t\t\t\t\t<div class=\"elementor-column elementor-col-66 elementor-top-column elementor-element elementor-element-7ca53bc\" data-id=\"7ca53bc\" data-element_type=\"column\">\n\t\t\t<div class=\"elementor-column-wrap elementor-element-populated\">\n\t\t\t\t\t\t\t<div class=\"elementor-widget-wrap\">\n\t\t\t\t\t\t<div class=\"elementor-element elementor-element-11e15fe elementor-widget elementor-widget-text-editor\" data-id=\"11e15fe\" data-element_type=\"widget\" data-widget_type=\"text-editor.default\">\n\t\t\t\t<div class=\"elementor-widget-container\">\n\t\t\t\t\t\t\t\t<div class=\"elementor-text-editor elementor-clearfix\">\n\t\t\t\t<p>Rol\u00f3s f\u00fcgg\u00f6ny vagy m\u00e1sn\u00e9ven f\u00e9nyz\u00e1r\u00f3 rol\u00f3 teljes v\u00e9delmet ny\u00fajt a napf\u00e9nyt\u0151l, haszn\u00e1lat\u00e1val els\u00f6t\u00e9t\u00edthet\u0151 a helyis\u00e9g ak\u00e1r napk\u00f6zben is.<\/p><p>A rol\u00f3s f\u00fcgg\u00f6ny egyszer\u0171 mozdulattal lefel\u00e9 vagy felfel\u00e9 h\u00fazhat\u00f3. Sz\u00e1mos k\u00fcl\u00f6nb\u00f6z\u0151 sz\u00ednben \u00e9s mint\u00e1zattal kaphat\u00f3k.<\/p><p>A rol\u00f3s f\u00fcgg\u00f6ny akkor is j\u00f3 szolg\u00e1latot tesz, ha \u00d6n \u00fagy dolgozik monitor el\u0151tt vagy n\u00e9z t\u00e9v\u00e9t, hogy a k\u00e9perny\u0151re vet\u00fcl napf\u00e9ny, de nem akarja teljes m\u00e9rt\u00e9kben azt kiz\u00e1rni. Kaphat\u00f3k vil\u00e1gosabb szinekben \u00e9s \u00e1ttetsz\u0151 anyagb\u00f3l is egyar\u00e1nt.<\/p>\t\t\t\t\t<\/div>\n\t\t\t\t\t\t<\/div>\n\t\t\t\t<\/div>\n\t\t\t\t<div class=\"elementor-element elementor-element-e633145 elementor-widget elementor-widget-text-editor\" data-id=\"e633145\" data-element_type=\"widget\" data-widget_type=\"text-editor.default\">\n\t\t\t\t<div class=\"elementor-widget-container\">\n\t\t\t\t\t\t\t\t<div class=\"elementor-text-editor elementor-clearfix\">\n\t\t\t\t\t\t\t\t\t<\/div>\n\t\t\t\t\t\t<\/div>\n\t\t\t\t<\/div>\n\t\t\t\t\t\t<\/div>\n\t\t\t\t\t<\/div>\n\t\t<\/div>\n\t\t\t\t<div class=\"elementor-column elementor-col-33 elementor-top-column elementor-element elementor-element-4a0904c\" data-id=\"4a0904c\" data-element_type=\"column\">\n\t\t\t<div class=\"elementor-column-wrap elementor-element-populated\">\n\t\t\t\t\t\t\t<div class=\"elementor-widget-wrap\">\n\t\t\t\t\t\t<section class=\"elementor-section elementor-inner-section elementor-element elementor-element-377175a elementor-section-boxed elementor-section-height-default elementor-section-height-default\" data-id=\"377175a\" data-element_type=\"section\" data-settings=\"{&quot;background_background&quot;:&quot;classic&quot;}\">\n\t\t\t\t\t\t<div class=\"elementor-container elementor-column-gap-default\">\n\t\t\t\t\t\t\t<div class=\"elementor-row\">\n\t\t\t\t\t<div class=\"elementor-column elementor-col-100 elementor-inner-column elementor-element elementor-element-d126b04\" data-id=\"d126b04\" data-element_type=\"column\">\n\t\t\t<div class=\"elementor-column-wrap elementor-element-populated\">\n\t\t\t\t\t\t\t<div class=\"elementor-widget-wrap\">\n\t\t\t\t\t\t<div class=\"elementor-element elementor-element-146192c elementor-widget elementor-widget-text-editor\" data-id=\"146192c\" data-element_type=\"widget\" data-widget_type=\"text-editor.default\">\n\t\t\t\t<div class=\"elementor-widget-container\">\n\t\t\t\t\t\t\t\t<div class=\"elementor-text-editor elementor-clearfix\">\n\t\t\t\t<h5><strong>Rol\u00f3s f\u00fcgg\u00f6ny<\/strong> : Maxim\u00e1lis s\u00f6t\u00e9t\u00edt\u0151 hat\u00e1s b\u00e1rmelyik napszakban.<\/h5>\t\t\t\t\t<\/div>\n\t\t\t\t\t\t<\/div>\n\t\t\t\t<\/div>\n\t\t\t\t<div class=\"elementor-element elementor-element-b47125e elementor-widget elementor-widget-button\" data-id=\"b47125e\" data-element_type=\"widget\" data-widget_type=\"button.default\">\n\t\t\t\t<div class=\"elementor-widget-container\">\n\t\t\t\t\t<div class=\"elementor-button-wrapper\">\n\t\t\t<a href=\"http:\/\/rolomastersenta.rs\/hu\/kontakt\/\" class=\"elementor-button-link elementor-button elementor-size-sm\" role=\"button\">\n\t\t\t\t\t\t<span class=\"elementor-button-content-wrapper\">\n\t\t\t\t\t\t<span class=\"elementor-button-icon elementor-align-icon-left\">\n\t\t\t\t<i aria-hidden=\"true\" class=\"fas fa-phone-alt\"><\/i>\t\t\t<\/span>\n\t\t\t\t\t\t<span class=\"elementor-button-text\">Keressen fel minket!<\/span>\n\t\t<\/span>\n\t\t\t\t\t<\/a>\n\t\t<\/div>\n\t\t\t\t<\/div>\n\t\t\t\t<\/div>\n\t\t\t\t\t\t<\/div>\n\t\t\t\t\t<\/div>\n\t\t<\/div>\n\t\t\t\t\t\t\t\t<\/div>\n\t\t\t\t\t<\/div>\n\t\t<\/section>\n\t\t\t\t\t\t<\/div>\n\t\t\t\t\t<\/div>\n\t\t<\/div>\n\t\t\t\t\t\t\t\t<\/div>\n\t\t\t\t\t<\/div>\n\t\t<\/section>\n\t\t\t\t<section class=\"elementor-section elementor-top-section elementor-element elementor-element-c27edfb elementor-section-boxed elementor-section-height-default elementor-section-height-default\" data-id=\"c27edfb\" data-element_type=\"section\">\n\t\t\t\t\t\t<div class=\"elementor-container elementor-column-gap-default\">\n\t\t\t\t\t\t\t<div class=\"elementor-row\">\n\t\t\t\t\t<div class=\"elementor-column elementor-col-100 elementor-top-column elementor-element elementor-element-fc21b73\" data-id=\"fc21b73\" data-element_type=\"column\">\n\t\t\t<div class=\"elementor-column-wrap elementor-element-populated\">\n\t\t\t\t\t\t\t<div class=\"elementor-widget-wrap\">\n\t\t\t\t\t\t<div class=\"elementor-element elementor-element-b952d66 elementor-widget elementor-widget-heading\" data-id=\"b952d66\" data-element_type=\"widget\" data-widget_type=\"heading.default\">\n\t\t\t\t<div class=\"elementor-widget-container\">\n\t\t\t<h2 class=\"elementor-heading-title elementor-size-default\">A k\u00f6vetkez\u0151 sz\u00ednekben kaphat\u00f3k:<\/h2>\t\t<\/div>\n\t\t\t\t<\/div>\n\t\t\t\t\t\t<\/div>\n\t\t\t\t\t<\/div>\n\t\t<\/div>\n\t\t\t\t\t\t\t\t<\/div>\n\t\t\t\t\t<\/div>\n\t\t<\/section>\n\t\t\t\t<section class=\"elementor-section elementor-top-section elementor-element elementor-element-f92ef9f elementor-section-boxed elementor-section-height-default elementor-section-height-default\" data-id=\"f92ef9f\" data-element_type=\"section\">\n\t\t\t\t\t\t<div class=\"elementor-container elementor-column-gap-default\">\n\t\t\t\t\t\t\t<div class=\"elementor-row\">\n\t\t\t\t\t<div class=\"elementor-column elementor-col-100 elementor-top-column elementor-element elementor-element-5d49dbc\" data-id=\"5d49dbc\" data-element_type=\"column\" data-settings=\"{&quot;background_background&quot;:&quot;classic&quot;}\">\n\t\t\t<div class=\"elementor-column-wrap elementor-element-populated\">\n\t\t\t\t\t\t\t<div class=\"elementor-widget-wrap\">\n\t\t\t\t\t\t<div class=\"elementor-element elementor-element-d7e864e elementor-widget elementor-widget-image-gallery\" data-id=\"d7e864e\" data-element_type=\"widget\" data-widget_type=\"image-gallery.default\">\n\t\t\t\t<div class=\"elementor-widget-container\">\n\t\t\t\t\t<div class=\"elementor-image-gallery\">\n\t\t\t<div id='gallery-1' class='gallery galleryid-869 gallery-columns-4 gallery-size-medium'><figure class='gallery-item'>\n\t\t\t<div class='gallery-icon landscape'>\n\t\t\t\t<a data-elementor-open-lightbox=\"yes\" data-elementor-lightbox-slideshow=\"d7e864e\" data-elementor-lightbox-title=\"paleta boja prugasti sa kockicama\" e-action-hash=\"#elementor-action%3Aaction%3Dlightbox%26settings%3DeyJpZCI6MTM5OCwidXJsIjoiaHR0cDpcL1wvcm9sb21hc3RlcnNlbnRhLnJzXC93cC1jb250ZW50XC91cGxvYWRzXC8yMDIwXC8wM1wvcm9sby16YXZlc2UtYm9qZTEuanBnIiwic2xpZGVzaG93IjoiZDdlODY0ZSJ9\" href='http:\/\/rolomastersenta.rs\/wp-content\/uploads\/2020\/03\/rolo-zavese-boje1.jpg'><img width=\"300\" height=\"225\" src=\"http:\/\/rolomastersenta.rs\/wp-content\/uploads\/2020\/03\/rolo-zavese-boje1-300x225.jpg\" class=\"attachment-medium size-medium\" alt=\"\" loading=\"lazy\" srcset=\"http:\/\/rolomastersenta.rs\/wp-content\/uploads\/2020\/03\/rolo-zavese-boje1-300x225.jpg 300w, http:\/\/rolomastersenta.rs\/wp-content\/uploads\/2020\/03\/rolo-zavese-boje1-1024x768.jpg 1024w, http:\/\/rolomastersenta.rs\/wp-content\/uploads\/2020\/03\/rolo-zavese-boje1-768x576.jpg 768w, http:\/\/rolomastersenta.rs\/wp-content\/uploads\/2020\/03\/rolo-zavese-boje1-1536x1152.jpg 1536w, http:\/\/rolomastersenta.rs\/wp-content\/uploads\/2020\/03\/rolo-zavese-boje1.jpg 1900w\" sizes=\"(max-width: 300px) 100vw, 300px\" \/><\/a>\n\t\t\t<\/div><\/figure><figure class='gallery-item'>\n\t\t\t<div class='gallery-icon landscape'>\n\t\t\t\t<a data-elementor-open-lightbox=\"yes\" data-elementor-lightbox-slideshow=\"d7e864e\" data-elementor-lightbox-title=\"paleta boja prugasti sa ta\u010dkicama\" e-action-hash=\"#elementor-action%3Aaction%3Dlightbox%26settings%3DeyJpZCI6MTM5NiwidXJsIjoiaHR0cDpcL1wvcm9sb21hc3RlcnNlbnRhLnJzXC93cC1jb250ZW50XC91cGxvYWRzXC8yMDIwXC8wM1wvcm9sby16YXZlc2UtYm9qZTQtc2NhbGVkLmpwZyIsInNsaWRlc2hvdyI6ImQ3ZTg2NGUifQ%3D%3D\" href='http:\/\/rolomastersenta.rs\/wp-content\/uploads\/2020\/03\/rolo-zavese-boje4-scaled.jpg'><img width=\"300\" height=\"225\" src=\"http:\/\/rolomastersenta.rs\/wp-content\/uploads\/2020\/03\/rolo-zavese-boje4-300x225.jpg\" class=\"attachment-medium size-medium\" alt=\"\" loading=\"lazy\" srcset=\"http:\/\/rolomastersenta.rs\/wp-content\/uploads\/2020\/03\/rolo-zavese-boje4-300x225.jpg 300w, http:\/\/rolomastersenta.rs\/wp-content\/uploads\/2020\/03\/rolo-zavese-boje4-1024x768.jpg 1024w, http:\/\/rolomastersenta.rs\/wp-content\/uploads\/2020\/03\/rolo-zavese-boje4-768x576.jpg 768w, http:\/\/rolomastersenta.rs\/wp-content\/uploads\/2020\/03\/rolo-zavese-boje4-1536x1152.jpg 1536w, http:\/\/rolomastersenta.rs\/wp-content\/uploads\/2020\/03\/rolo-zavese-boje4-2048x1536.jpg 2048w\" sizes=\"(max-width: 300px) 100vw, 300px\" \/><\/a>\n\t\t\t<\/div><\/figure><figure class='gallery-item'>\n\t\t\t<div class='gallery-icon landscape'>\n\t\t\t\t<a data-elementor-open-lightbox=\"yes\" data-elementor-lightbox-slideshow=\"d7e864e\" data-elementor-lightbox-title=\"paleta boja laki materijal\" e-action-hash=\"#elementor-action%3Aaction%3Dlightbox%26settings%3DeyJpZCI6MTM5NCwidXJsIjoiaHR0cDpcL1wvcm9sb21hc3RlcnNlbnRhLnJzXC93cC1jb250ZW50XC91cGxvYWRzXC8yMDIwXC8wM1wvcm9sby16YXZlc2UtYm9qZTIuanBnIiwic2xpZGVzaG93IjoiZDdlODY0ZSJ9\" href='http:\/\/rolomastersenta.rs\/wp-content\/uploads\/2020\/03\/rolo-zavese-boje2.jpg'><img width=\"300\" height=\"225\" src=\"http:\/\/rolomastersenta.rs\/wp-content\/uploads\/2020\/03\/rolo-zavese-boje2-300x225.jpg\" class=\"attachment-medium size-medium\" alt=\"\" loading=\"lazy\" srcset=\"http:\/\/rolomastersenta.rs\/wp-content\/uploads\/2020\/03\/rolo-zavese-boje2-300x225.jpg 300w, http:\/\/rolomastersenta.rs\/wp-content\/uploads\/2020\/03\/rolo-zavese-boje2-1024x768.jpg 1024w, http:\/\/rolomastersenta.rs\/wp-content\/uploads\/2020\/03\/rolo-zavese-boje2-768x576.jpg 768w, http:\/\/rolomastersenta.rs\/wp-content\/uploads\/2020\/03\/rolo-zavese-boje2-1536x1152.jpg 1536w, http:\/\/rolomastersenta.rs\/wp-content\/uploads\/2020\/03\/rolo-zavese-boje2-2048x1536.jpg 2048w\" sizes=\"(max-width: 300px) 100vw, 300px\" \/><\/a>\n\t\t\t<\/div><\/figure><figure class='gallery-item'>\n\t\t\t<div class='gallery-icon landscape'>\n\t\t\t\t<a data-elementor-open-lightbox=\"yes\" data-elementor-lightbox-slideshow=\"d7e864e\" data-elementor-lightbox-title=\"paleta boja totalno zamra\u010divanje\" e-action-hash=\"#elementor-action%3Aaction%3Dlightbox%26settings%3DeyJpZCI6MTM5NSwidXJsIjoiaHR0cDpcL1wvcm9sb21hc3RlcnNlbnRhLnJzXC93cC1jb250ZW50XC91cGxvYWRzXC8yMDIwXC8wM1wvcm9sby16YXZlc2UtYm9qZTMtc2NhbGVkLmpwZyIsInNsaWRlc2hvdyI6ImQ3ZTg2NGUifQ%3D%3D\" href='http:\/\/rolomastersenta.rs\/wp-content\/uploads\/2020\/03\/rolo-zavese-boje3-scaled.jpg'><img width=\"300\" height=\"225\" src=\"http:\/\/rolomastersenta.rs\/wp-content\/uploads\/2020\/03\/rolo-zavese-boje3-300x225.jpg\" class=\"attachment-medium size-medium\" alt=\"\" loading=\"lazy\" srcset=\"http:\/\/rolomastersenta.rs\/wp-content\/uploads\/2020\/03\/rolo-zavese-boje3-300x225.jpg 300w, http:\/\/rolomastersenta.rs\/wp-content\/uploads\/2020\/03\/rolo-zavese-boje3-1024x768.jpg 1024w, http:\/\/rolomastersenta.rs\/wp-content\/uploads\/2020\/03\/rolo-zavese-boje3-768x576.jpg 768w, http:\/\/rolomastersenta.rs\/wp-content\/uploads\/2020\/03\/rolo-zavese-boje3-1536x1152.jpg 1536w, http:\/\/rolomastersenta.rs\/wp-content\/uploads\/2020\/03\/rolo-zavese-boje3-2048x1536.jpg 2048w\" sizes=\"(max-width: 300px) 100vw, 300px\" \/><\/a>\n\t\t\t<\/div><\/figure>\n\t\t<\/div>\n\t\t<\/div>\n\t\t\t\t<\/div>\n\t\t\t\t<\/div>\n\t\t\t\t\t\t<\/div>\n\t\t\t\t\t<\/div>\n\t\t<\/div>\n\t\t\t\t\t\t\t\t<\/div>\n\t\t\t\t\t<\/div>\n\t\t<\/section>\n\t\t\t\t\t\t<\/div>\n\t\t\t\t\t\t<\/div>\n\t\t\t\t\t<\/div>","protected":false},"excerpt":{"rendered":"<p>[:rs][:]<\/p>","protected":false},"author":1,"featured_media":0,"parent":10,"menu_order":0,"comment_status":"closed","ping_status":"closed","template":"page-templates\/pagebuilder.php","meta":[],"yoast_head":"<!-- This site is optimized with the Yoast SEO plugin v18.2 - https:\/\/yoast.com\/wordpress\/plugins\/seo\/ -->\n<title>Rolo Zavese za zamra\u010divanje prostorije - Rolo Master Senta<\/title>\n<meta name=\"description\" content=\"Rolo zavese sistemi za zamra\u010divanje. Rolo zavese kao za\u0161tita od sunca su idealne za sve svetle ili sun\u010dane prostorije kao i za krovne prozore.\" \/>\n<meta name=\"robots\" content=\"index, follow, max-snippet:-1, max-image-preview:large, max-video-preview:-1\" \/>\n<link rel=\"canonical\" href=\"http:\/\/rolomastersenta.rs\/hu\/proizvodi\/rolo-zavese\/\" \/>\n<meta property=\"og:locale\" content=\"hu_HU\" \/>\n<meta property=\"og:type\" content=\"article\" \/>\n<meta property=\"og:title\" content=\"Rolo Zavese za zamra\u010divanje prostorije - Rolo Master Senta\" \/>\n<meta property=\"og:description\" content=\"Rolo zavese sistemi za zamra\u010divanje. Rolo zavese kao za\u0161tita od sunca su idealne za sve svetle ili sun\u010dane prostorije kao i za krovne prozore.\" \/>\n<meta property=\"og:url\" content=\"http:\/\/rolomastersenta.rs\/hu\/proizvodi\/rolo-zavese\/\" \/>\n<meta property=\"og:site_name\" content=\"Rolo Master\" \/>\n<meta property=\"article:modified_time\" content=\"2021-08-27T14:16:45+00:00\" \/>\n<meta property=\"og:image\" content=\"http:\/\/rolomastersenta.rs\/wp-content\/uploads\/elementor\/thumbs\/rolo-zavesa-zelena-oo0lhpwcxu0t7r0ixoyctjfia10ixgysokf3qsive8.jpg\" \/>\n<meta name=\"twitter:card\" content=\"summary_large_image\" \/>\n<meta name=\"twitter:label1\" content=\"Becs\u00fclt olvas\u00e1si id\u0151\" \/>\n\t<meta name=\"twitter:data1\" content=\"1 perc\" \/>\n<script type=\"application\/ld+json\" class=\"yoast-schema-graph\">{\"@context\":\"https:\/\/schema.org\",\"@graph\":[{\"@type\":\"WebSite\",\"@id\":\"http:\/\/rolomastersenta.rs\/#website\",\"url\":\"http:\/\/rolomastersenta.rs\/\",\"name\":\"Rolo Master\",\"description\":\"Roletne su veoma bitan deo kao dopuna PVC i ALU stolariji. Imaju va\u017enu ulogu prvenstveno u za\u0161titi od sunca kao i za zvu\u010dnu izolaciju.\",\"potentialAction\":[{\"@type\":\"SearchAction\",\"target\":{\"@type\":\"EntryPoint\",\"urlTemplate\":\"http:\/\/rolomastersenta.rs\/?s={search_term_string}\"},\"query-input\":\"required name=search_term_string\"}],\"inLanguage\":\"hu\"},{\"@type\":\"ImageObject\",\"@id\":\"http:\/\/rolomastersenta.rs\/hu\/proizvodi\/rolo-zavese\/#primaryimage\",\"inLanguage\":\"hu\",\"url\":\"http:\/\/rolomastersenta.rs\/wp-content\/uploads\/elementor\/thumbs\/rolo-zavesa-zelena-oo0lhpwcxu0t7r0ixoyctjfia10ixgysokf3qsive8.jpg\",\"contentUrl\":\"http:\/\/rolomastersenta.rs\/wp-content\/uploads\/elementor\/thumbs\/rolo-zavesa-zelena-oo0lhpwcxu0t7r0ixoyctjfia10ixgysokf3qsive8.jpg\"},{\"@type\":\"WebPage\",\"@id\":\"http:\/\/rolomastersenta.rs\/hu\/proizvodi\/rolo-zavese\/#webpage\",\"url\":\"http:\/\/rolomastersenta.rs\/hu\/proizvodi\/rolo-zavese\/\",\"name\":\"Rolo Zavese za zamra\u010divanje prostorije - Rolo Master Senta\",\"isPartOf\":{\"@id\":\"http:\/\/rolomastersenta.rs\/#website\"},\"primaryImageOfPage\":{\"@id\":\"http:\/\/rolomastersenta.rs\/hu\/proizvodi\/rolo-zavese\/#primaryimage\"},\"datePublished\":\"2020-03-12T20:18:12+00:00\",\"dateModified\":\"2021-08-27T14:16:45+00:00\",\"description\":\"Rolo zavese sistemi za zamra\u010divanje. Rolo zavese kao za\u0161tita od sunca su idealne za sve svetle ili sun\u010dane prostorije kao i za krovne prozore.\",\"breadcrumb\":{\"@id\":\"http:\/\/rolomastersenta.rs\/hu\/proizvodi\/rolo-zavese\/#breadcrumb\"},\"inLanguage\":\"hu\",\"potentialAction\":[{\"@type\":\"ReadAction\",\"target\":[\"http:\/\/rolomastersenta.rs\/hu\/proizvodi\/rolo-zavese\/\"]}]},{\"@type\":\"BreadcrumbList\",\"@id\":\"http:\/\/rolomastersenta.rs\/hu\/proizvodi\/rolo-zavese\/#breadcrumb\",\"itemListElement\":[{\"@type\":\"ListItem\",\"position\":1,\"name\":\"Home\",\"item\":\"http:\/\/rolomastersenta.rs\/\"},{\"@type\":\"ListItem\",\"position\":2,\"name\":\"Proizvodi\",\"item\":\"http:\/\/rolomastersenta.rs\/proizvodi\/\"},{\"@type\":\"ListItem\",\"position\":3,\"name\":\"Rolo Zavese\"}]}]}<\/script>\n<!-- \/ Yoast SEO plugin. -->","yoast_head_json":{"title":"Rolo Zavese za zamra\u010divanje prostorije - Rolo Master Senta","description":"Rolo zavese sistemi za zamra\u010divanje. Rolo zavese kao za\u0161tita od sunca su idealne za sve svetle ili sun\u010dane prostorije kao i za krovne prozore.","robots":{"index":"index","follow":"follow","max-snippet":"max-snippet:-1","max-image-preview":"max-image-preview:large","max-video-preview":"max-video-preview:-1"},"canonical":"http:\/\/rolomastersenta.rs\/hu\/proizvodi\/rolo-zavese\/","og_locale":"hu_HU","og_type":"article","og_title":"Rolo Zavese za zamra\u010divanje prostorije - Rolo Master Senta","og_description":"Rolo zavese sistemi za zamra\u010divanje. Rolo zavese kao za\u0161tita od sunca su idealne za sve svetle ili sun\u010dane prostorije kao i za krovne prozore.","og_url":"http:\/\/rolomastersenta.rs\/hu\/proizvodi\/rolo-zavese\/","og_site_name":"Rolo Master","article_modified_time":"2021-08-27T14:16:45+00:00","og_image":[{"url":"http:\/\/rolomastersenta.rs\/wp-content\/uploads\/elementor\/thumbs\/rolo-zavesa-zelena-oo0lhpwcxu0t7r0ixoyctjfia10ixgysokf3qsive8.jpg"}],"twitter_card":"summary_large_image","twitter_misc":{"Becs\u00fclt olvas\u00e1si id\u0151":"1 perc"},"schema":{"@context":"https:\/\/schema.org","@graph":[{"@type":"WebSite","@id":"http:\/\/rolomastersenta.rs\/#website","url":"http:\/\/rolomastersenta.rs\/","name":"Rolo Master","description":"Roletne su veoma bitan deo kao dopuna PVC i ALU stolariji. Imaju va\u017enu ulogu prvenstveno u za\u0161titi od sunca kao i za zvu\u010dnu izolaciju.","potentialAction":[{"@type":"SearchAction","target":{"@type":"EntryPoint","urlTemplate":"http:\/\/rolomastersenta.rs\/?s={search_term_string}"},"query-input":"required name=search_term_string"}],"inLanguage":"hu"},{"@type":"ImageObject","@id":"http:\/\/rolomastersenta.rs\/hu\/proizvodi\/rolo-zavese\/#primaryimage","inLanguage":"hu","url":"http:\/\/rolomastersenta.rs\/wp-content\/uploads\/elementor\/thumbs\/rolo-zavesa-zelena-oo0lhpwcxu0t7r0ixoyctjfia10ixgysokf3qsive8.jpg","contentUrl":"http:\/\/rolomastersenta.rs\/wp-content\/uploads\/elementor\/thumbs\/rolo-zavesa-zelena-oo0lhpwcxu0t7r0ixoyctjfia10ixgysokf3qsive8.jpg"},{"@type":"WebPage","@id":"http:\/\/rolomastersenta.rs\/hu\/proizvodi\/rolo-zavese\/#webpage","url":"http:\/\/rolomastersenta.rs\/hu\/proizvodi\/rolo-zavese\/","name":"Rolo Zavese za zamra\u010divanje prostorije - Rolo Master Senta","isPartOf":{"@id":"http:\/\/rolomastersenta.rs\/#website"},"primaryImageOfPage":{"@id":"http:\/\/rolomastersenta.rs\/hu\/proizvodi\/rolo-zavese\/#primaryimage"},"datePublished":"2020-03-12T20:18:12+00:00","dateModified":"2021-08-27T14:16:45+00:00","description":"Rolo zavese sistemi za zamra\u010divanje. Rolo zavese kao za\u0161tita od sunca su idealne za sve svetle ili sun\u010dane prostorije kao i za krovne prozore.","breadcrumb":{"@id":"http:\/\/rolomastersenta.rs\/hu\/proizvodi\/rolo-zavese\/#breadcrumb"},"inLanguage":"hu","potentialAction":[{"@type":"ReadAction","target":["http:\/\/rolomastersenta.rs\/hu\/proizvodi\/rolo-zavese\/"]}]},{"@type":"BreadcrumbList","@id":"http:\/\/rolomastersenta.rs\/hu\/proizvodi\/rolo-zavese\/#breadcrumb","itemListElement":[{"@type":"ListItem","position":1,"name":"Home","item":"http:\/\/rolomastersenta.rs\/"},{"@type":"ListItem","position":2,"name":"Proizvodi","item":"http:\/\/rolomastersenta.rs\/proizvodi\/"},{"@type":"ListItem","position":3,"name":"Rolo Zavese"}]}]}},"_links":{"self":[{"href":"http:\/\/rolomastersenta.rs\/hu\/wp-json\/wp\/v2\/pages\/869"}],"collection":[{"href":"http:\/\/rolomastersenta.rs\/hu\/wp-json\/wp\/v2\/pages"}],"about":[{"href":"http:\/\/rolomastersenta.rs\/hu\/wp-json\/wp\/v2\/types\/page"}],"author":[{"embeddable":true,"href":"http:\/\/rolomastersenta.rs\/hu\/wp-json\/wp\/v2\/users\/1"}],"replies":[{"embeddable":true,"href":"http:\/\/rolomastersenta.rs\/hu\/wp-json\/wp\/v2\/comments?post=869"}],"version-history":[{"count":41,"href":"http:\/\/rolomastersenta.rs\/hu\/wp-json\/wp\/v2\/pages\/869\/revisions"}],"predecessor-version":[{"id":2132,"href":"http:\/\/rolomastersenta.rs\/hu\/wp-json\/wp\/v2\/pages\/869\/revisions\/2132"}],"up":[{"embeddable":true,"href":"http:\/\/rolomastersenta.rs\/hu\/wp-json\/wp\/v2\/pages\/10"}],"wp:attachment":[{"href":"http:\/\/rolomastersenta.rs\/hu\/wp-json\/wp\/v2\/media?parent=869"}],"curies":[{"name":"wp","href":"https:\/\/api.w.org\/{rel}","templated":true}]}}