{"id":274,"date":"2019-04-20T16:01:46","date_gmt":"2019-04-20T16:01:46","guid":{"rendered":"http:\/\/wicked-civet.w6.wpsandbox.pro\/?page_id=274"},"modified":"2021-08-27T14:24:30","modified_gmt":"2021-08-27T14:24:30","slug":"roletne","status":"publish","type":"page","link":"https:\/\/rolomastersenta.rs\/hu\/proizvodi\/roletne\/","title":{"rendered":"Red\u0151ny\u00f6k"},"content":{"rendered":"<div data-elementor-type=\"wp-post\" data-elementor-id=\"274\" class=\"elementor elementor-274\" data-elementor-settings=\"[]\">\n\t\t\t\t\t\t<div class=\"elementor-inner\">\n\t\t\t\t\t\t\t<div class=\"elementor-section-wrap\">\n\t\t\t\t\t\t\t<section class=\"elementor-section elementor-top-section elementor-element elementor-element-60a1226 elementor-section-boxed elementor-section-height-default elementor-section-height-default\" data-id=\"60a1226\" data-element_type=\"section\">\n\t\t\t\t\t\t<div class=\"elementor-container elementor-column-gap-default\">\n\t\t\t\t\t\t\t<div class=\"elementor-row\">\n\t\t\t\t\t<div class=\"elementor-column elementor-col-100 elementor-top-column elementor-element elementor-element-53cc56f\" data-id=\"53cc56f\" data-element_type=\"column\">\n\t\t\t<div class=\"elementor-column-wrap elementor-element-populated\">\n\t\t\t\t\t\t\t<div class=\"elementor-widget-wrap\">\n\t\t\t\t\t\t<div class=\"elementor-element elementor-element-821fdb6 elementor-widget elementor-widget-heading\" data-id=\"821fdb6\" data-element_type=\"widget\" data-widget_type=\"heading.default\">\n\t\t\t\t<div class=\"elementor-widget-container\">\n\t\t\t<h2 class=\"elementor-heading-title elementor-size-default\">M\u0171anyag \u00e9s Alum\u00ednium<\/h2>\t\t<\/div>\n\t\t\t\t<\/div>\n\t\t\t\t<div class=\"elementor-element elementor-element-273823e elementor-widget-divider--view-line elementor-widget elementor-widget-divider\" data-id=\"273823e\" data-element_type=\"widget\" data-widget_type=\"divider.default\">\n\t\t\t\t<div class=\"elementor-widget-container\">\n\t\t\t\t\t<div class=\"elementor-divider\">\n\t\t\t<span class=\"elementor-divider-separator\">\n\t\t\t\t\t\t<\/span>\n\t\t<\/div>\n\t\t\t\t<\/div>\n\t\t\t\t<\/div>\n\t\t\t\t<div class=\"elementor-element elementor-element-46bd5bc elementor-pagination-position-outside elementor-widget elementor-widget-image-carousel\" data-id=\"46bd5bc\" data-element_type=\"widget\" data-settings=\"{&quot;slides_to_show&quot;:&quot;1&quot;,&quot;navigation&quot;:&quot;dots&quot;,&quot;autoplay&quot;:&quot;yes&quot;,&quot;pause_on_hover&quot;:&quot;yes&quot;,&quot;pause_on_interaction&quot;:&quot;yes&quot;,&quot;autoplay_speed&quot;:5000,&quot;infinite&quot;:&quot;yes&quot;,&quot;effect&quot;:&quot;slide&quot;,&quot;speed&quot;:500}\" data-widget_type=\"image-carousel.default\">\n\t\t\t\t<div class=\"elementor-widget-container\">\n\t\t\t\t\t<div class=\"elementor-image-carousel-wrapper swiper-container\" dir=\"ltr\">\n\t\t\t<div class=\"elementor-image-carousel swiper-wrapper\">\n\t\t\t\t\t\t\t\t<div class=\"swiper-slide\"><figure class=\"swiper-slide-inner\"><img class=\"swiper-slide-image\" src=\"https:\/\/rolomastersenta.rs\/wp-content\/uploads\/2020\/03\/trokrilni-un.rol_.pvc_-scaled.jpg\" alt=\"[:rs]trokrilni un.rol.pvc[:]\" \/><\/figure><\/div><div class=\"swiper-slide\"><figure class=\"swiper-slide-inner\"><img class=\"swiper-slide-image\" src=\"https:\/\/rolomastersenta.rs\/wp-content\/uploads\/2021\/08\/zlatni-hrast3.jpg\" alt=\"spoljna alu roletna zlatni hrast\" \/><\/figure><\/div><div class=\"swiper-slide\"><figure class=\"swiper-slide-inner\"><img class=\"swiper-slide-image\" src=\"https:\/\/rolomastersenta.rs\/wp-content\/uploads\/2021\/08\/186472624_391128922017608_2672150499736962514_n.jpg\" alt=\"186472624_391128922017608_2672150499736962514_n\" \/><\/figure><\/div><div class=\"swiper-slide\"><figure class=\"swiper-slide-inner\"><img class=\"swiper-slide-image\" src=\"https:\/\/rolomastersenta.rs\/wp-content\/uploads\/2020\/03\/IMG_20200311_144659-scaled.jpg\" alt=\"aluminijumske lamele\" \/><\/figure><\/div><div class=\"swiper-slide\"><figure class=\"swiper-slide-inner\"><img class=\"swiper-slide-image\" src=\"https:\/\/rolomastersenta.rs\/wp-content\/uploads\/2020\/03\/IMG_20200311_143620-scaled.jpg\" alt=\"pvc lamela\" \/><\/figure><\/div><div class=\"swiper-slide\"><figure class=\"swiper-slide-inner\"><img class=\"swiper-slide-image\" src=\"https:\/\/rolomastersenta.rs\/wp-content\/uploads\/2020\/03\/IMG_20200315_142125-scaled.jpg\" alt=\"IMG_20200315_142125\" \/><\/figure><\/div>\t\t\t<\/div>\n\t\t\t\t\t\t\t\t\t\t\t\t<div class=\"swiper-pagination\"><\/div>\n\t\t\t\t\t\t\t\t\t\t\t\t\t<\/div>\n\t\t\t\t<\/div>\n\t\t\t\t<\/div>\n\t\t\t\t\t\t<\/div>\n\t\t\t\t\t<\/div>\n\t\t<\/div>\n\t\t\t\t\t\t\t\t<\/div>\n\t\t\t\t\t<\/div>\n\t\t<\/section>\n\t\t\t\t<section class=\"elementor-section elementor-top-section elementor-element elementor-element-967dfb4 elementor-section-boxed elementor-section-height-default elementor-section-height-default\" data-id=\"967dfb4\" data-element_type=\"section\">\n\t\t\t\t\t\t<div class=\"elementor-container elementor-column-gap-default\">\n\t\t\t\t\t\t\t<div class=\"elementor-row\">\n\t\t\t\t\t<div class=\"elementor-column elementor-col-66 elementor-top-column elementor-element elementor-element-7ca53bc\" data-id=\"7ca53bc\" data-element_type=\"column\">\n\t\t\t<div class=\"elementor-column-wrap elementor-element-populated\">\n\t\t\t\t\t\t\t<div class=\"elementor-widget-wrap\">\n\t\t\t\t\t\t<div class=\"elementor-element elementor-element-11e15fe elementor-widget elementor-widget-text-editor\" data-id=\"11e15fe\" data-element_type=\"widget\" data-widget_type=\"text-editor.default\">\n\t\t\t\t<div class=\"elementor-widget-container\">\n\t\t\t\t\t\t\t\t<div class=\"elementor-text-editor elementor-clearfix\">\n\t\t\t\t<p>A red\u0151ny\u00f6k fontos r\u00e9sz\u00e9t k\u00e9pezik a PVC \u00e9s az Alum\u00ednium ny\u00edl\u00e1sz\u00e1r\u00f3knak. Kiv\u00e1l\u00f3 h\u0151- \u00e9s hangszigetel\u00e9ssel rendelkeznek.<\/p>\t\t\t\t\t<\/div>\n\t\t\t\t\t\t<\/div>\n\t\t\t\t<\/div>\n\t\t\t\t<div class=\"elementor-element elementor-element-fb36814 elementor-widget elementor-widget-text-editor\" data-id=\"fb36814\" data-element_type=\"widget\" data-widget_type=\"text-editor.default\">\n\t\t\t\t<div class=\"elementor-widget-container\">\n\t\t\t\t\t\t\t\t<div class=\"elementor-text-editor elementor-clearfix\">\n\t\t\t\t<p>A red\u0151ny\u00f6knek k\u00e9t v\u00e1ltozata van: k\u00fcls\u0151 dobozos \u00e9s bels\u0151 dobozos.<\/p><p><strong>K\u00fcls\u0151 dobozos red\u0151ny t\u00edpus<\/strong> egy olyan rendszer, ahol a dobozt k\u00edv\u00fclr\u0151l az ablak el\u00e9 szerelik. El\u0151nye, hogy b\u00e1rmilyen ny\u00edl\u00e1sz\u00e1r\u00f3 el\u00e9 felszerelhet\u0151. A k\u00fcls\u0151 red\u0151ny doboza lemezb\u0151l k\u00e9sz\u00fcl. Az ilyen t\u00edpus\u00fa red\u0151ny\u00f6k els\u0151sorban a megl\u00e9v\u0151 ablakokra \u00e9s balkon ajt\u00f3kra t\u00f6rt\u00e9n\u0151 felszerel\u00e9s\u00e9re szolg\u00e1lnak, viszont az \u00faj ablakokkal egy\u00fctt is be\u00e9pithet\u0151k.<strong>Speci\u00e1lis fajt\u00e1ja a red\u0151nytokba be\u00e9p\u00edtett, sz\u00fanyogh\u00e1l\u00f3s v\u00e1ltozat, amely sor\u00e1n a red\u0151ny \u00e9s a sz\u00fanyogh\u00e1l\u00f3 k\u00fcl\u00f6n-k\u00fcl\u00f6n is mozgathat\u00f3.<\/strong><\/p>\t\t\t\t\t<\/div>\n\t\t\t\t\t\t<\/div>\n\t\t\t\t<\/div>\n\t\t\t\t<div class=\"elementor-element elementor-element-e633145 elementor-widget elementor-widget-text-editor\" data-id=\"e633145\" data-element_type=\"widget\" data-widget_type=\"text-editor.default\">\n\t\t\t\t<div class=\"elementor-widget-container\">\n\t\t\t\t\t\t\t\t<div class=\"elementor-text-editor elementor-clearfix\">\n\t\t\t\t<p><strong>Bels\u0151 dobozos red\u0151ny t\u00edpus<\/strong> az amelyet az ablakra szerelnek fel. A red\u0151nycsere ebben az esetben csak ablakcser\u00e9vel egy\u00fctt val\u00f3s\u00edthat\u00f3 meg, hiszen az \u00faj red\u0151ny doboz\u00e1t a m\u0171anyag ablak tetej\u00e9re szerelik. A bels\u0151tokos red\u0151ny kifejezetten aj\u00e1nlott r\u00e9gi\nger\u00e9b tokos ablakok cser\u00e9je eset\u00e9n. Ez a red\u0151nyrendszer csak a ny\u00edl\u00e1sz\u00e1r\u00f3kkal egy\u00fctt szerelhet\u0151 be. Ut\u00f3lagos be\u00e9p\u00edt\u00e9sre nincs m\u00f3d.\u00a0<strong>Ig\u00e9ny szerint be\u00e9p\u00edtett sz\u00fanyogh\u00e1l\u00f3kkal is elk\u00e9sz\u00edthet\u0151k.<\/strong><\/p><p><strong>A red\u0151ny vez\u00e9rl\u00e9s\u00e9re k\u00e9t alternat\u00edva lehets\u00e9ges:<\/strong> za spu\u0161tanje i podizanje roletna mo\u017ee se izvesti u dve varijante:<br \/>- k\u00e9zi vez\u00e9rl\u00e9s gurtnis.<br \/>- kapcsol\u00f3val vagy t\u00e1vir\u00e1ny\u00edt\u00f3val vez\u00e9relt motoros,<br \/>Podizanje i spu\u0161tanje roletna mogu\u0107e je izvesti preko prekida\u010da na zidu ili daljinskim upravljanjem.<\/p>\t\t\t\t\t<\/div>\n\t\t\t\t\t\t<\/div>\n\t\t\t\t<\/div>\n\t\t\t\t<div class=\"elementor-element elementor-element-9b7ec64 elementor-widget elementor-widget-text-editor\" data-id=\"9b7ec64\" data-element_type=\"widget\" data-widget_type=\"text-editor.default\">\n\t\t\t\t<div class=\"elementor-widget-container\">\n\t\t\t\t\t\t\t\t<div class=\"elementor-text-editor elementor-clearfix\">\n\t\t\t\t<h2>M\u0171anyag red\u0151ny\u00f6k<\/h2><p>A k\u00fcls\u0151 tokos m\u0171anyag red\u0151ny a legkeresettebb red\u0151nyt\u00edpus, mivel j\u00f3 h\u0151szigetel\u0151, j\u00f3l s\u00f6t\u00e9t\u00edt \u00e9s v\u00e9g\u00fcl, de nem utols\u00f3sorban a legolcs\u00f3bb red\u0151nyfajta. Legt\u00f6bb alkatr\u00e9sze m\u0171anyagb\u00f3l van, kiv\u00e9tel a red\u0151nytok (alum\u00ednium) \u00e9s a tengely (ac\u00e9l). A m\u0171anyag lefut\u00f3k zajcsillap\u00edt\u00f3 gumikkal vannak ell\u00e1tva. A szint\u00e9n m\u0171anyag lamell\u00e1k (red\u0151nyl\u00e9cek) csoki barna illetve feh\u00e9r sz\u00ednben v\u00e1laszthat\u00f3k.<\/p><p>Boja lamele mo\u017ee biti: bela , boja drveta ,\u010doko braon.<\/p><p>Boja kutije mo\u017ee biti: bela , \u010doko braon.<\/p><h2 style=\"box-sizing: inherit; clear: both; color: #4c4c4c; font-size: 28px; line-height: 32px; font-family: Lato, sans-serif; background-color: #fcfcfa;\">Alum\u00ednium red\u0151ny\u00f6k<\/h2><p>Az alum\u00ednium red\u0151ny egy kimagasl\u00f3an j\u00f3 min\u0151s\u00e9g\u0171 \u00e9s tulajdons\u00e1g\u00fa term\u00e9k aminek az \u00f6sszes l\u00e9nyeges alkatr\u00e9sze alum\u00edniumb\u00f3l k\u00e9sz\u00fcl, ennek eredm\u00e9nyek\u00e9nt egy rendk\u00edv\u00fcl tart\u00f3s, j\u00f3 id\u0151j\u00e1r\u00e1s\u00e1ll\u00f3 tulajdons\u00e1gokkal rendelkez\u0151 megb\u00edzhat\u00f3 min\u0151s\u00e9gi red\u0151ny. A kiv\u00e1l\u00f3 h\u0151szigetel\u0151 hat\u00e1sa a duplafal\u00fa red\u0151nyl\u00e9ceknek  k\u00f6sz\u00f6nhet\u0151 amelyek poliuret\u00e1n (PUR) habbal vannak kit\u00f6ltve ami kiv\u00e1l\u00f3 h\u0151szigetel\u0151.\u00a0<\/p><p>Boja lamele mo\u017ee biti: bela , siva , zlatni hrast , orah , mahagony\u00a0 , \u010doko braon.<\/p><p>Boja kutije mo\u017ee biti: bela , \u010doko braon.<\/p>\t\t\t\t\t<\/div>\n\t\t\t\t\t\t<\/div>\n\t\t\t\t<\/div>\n\t\t\t\t\t\t<\/div>\n\t\t\t\t\t<\/div>\n\t\t<\/div>\n\t\t\t\t<div class=\"elementor-column elementor-col-33 elementor-top-column elementor-element elementor-element-4a0904c\" data-id=\"4a0904c\" data-element_type=\"column\">\n\t\t\t<div class=\"elementor-column-wrap elementor-element-populated\">\n\t\t\t\t\t\t\t<div class=\"elementor-widget-wrap\">\n\t\t\t\t\t\t<section class=\"elementor-section elementor-inner-section elementor-element elementor-element-377175a elementor-section-boxed elementor-section-height-default elementor-section-height-default\" data-id=\"377175a\" data-element_type=\"section\" data-settings=\"{&quot;background_background&quot;:&quot;classic&quot;}\">\n\t\t\t\t\t\t<div class=\"elementor-container elementor-column-gap-default\">\n\t\t\t\t\t\t\t<div class=\"elementor-row\">\n\t\t\t\t\t<div class=\"elementor-column elementor-col-100 elementor-inner-column elementor-element elementor-element-d126b04\" data-id=\"d126b04\" data-element_type=\"column\">\n\t\t\t<div class=\"elementor-column-wrap elementor-element-populated\">\n\t\t\t\t\t\t\t<div class=\"elementor-widget-wrap\">\n\t\t\t\t\t\t<div class=\"elementor-element elementor-element-2d99e90 elementor-widget elementor-widget-heading\" data-id=\"2d99e90\" data-element_type=\"widget\" data-widget_type=\"heading.default\">\n\t\t\t\t<div class=\"elementor-widget-container\">\n\t\t\t<h2 class=\"elementor-heading-title elementor-size-default\">Ingyenes m\u00e9retfelv\u00e9tel \u00e9s felszerel\u00e9s, megfizethet\u0151 \u00e1r, kiv\u00e1l\u00f3 min\u0151s\u00e9g.<\/h2>\t\t<\/div>\n\t\t\t\t<\/div>\n\t\t\t\t<div class=\"elementor-element elementor-element-86d1781 elementor-icon-list--layout-traditional elementor-list-item-link-full_width elementor-widget elementor-widget-icon-list\" data-id=\"86d1781\" data-element_type=\"widget\" data-widget_type=\"icon-list.default\">\n\t\t\t\t<div class=\"elementor-widget-container\">\n\t\t\t\t\t<ul class=\"elementor-icon-list-items\">\n\t\t\t\t\t\t\t<li class=\"elementor-icon-list-item\">\n\t\t\t\t\t\t\t\t\t\t<span class=\"elementor-icon-list-text\">A red\u0151ny\u00f6k biztons\u00e1got ny\u00fajtanak a k\u00edv\u00e1ncsi tekintetek el\u0151l , megv\u00e9di ny\u00edl\u00e1sz\u00e1r\u00f3it az id\u0151j\u00e1r\u00e1s viszontags\u00e1gait\u00f3l (es\u0151, sz\u00e9l, h\u00f3 ...), \u00e9s \u00edgy meghosszabb\u00edtj\u00e1k \u00e9lettartam\u00e1t. <br><\/span>\n\t\t\t\t\t\t\t\t\t<\/li>\n\t\t\t\t\t\t<\/ul>\n\t\t\t\t<\/div>\n\t\t\t\t<\/div>\n\t\t\t\t<div class=\"elementor-element elementor-element-b47125e elementor-widget elementor-widget-button\" data-id=\"b47125e\" data-element_type=\"widget\" data-widget_type=\"button.default\">\n\t\t\t\t<div class=\"elementor-widget-container\">\n\t\t\t\t\t<div class=\"elementor-button-wrapper\">\n\t\t\t<a href=\"https:\/\/rolomastersenta.rs\/hu\/kontakt\/\" class=\"elementor-button-link elementor-button elementor-size-sm\" role=\"button\">\n\t\t\t\t\t\t<span class=\"elementor-button-content-wrapper\">\n\t\t\t\t\t\t<span class=\"elementor-button-icon elementor-align-icon-left\">\n\t\t\t\t<i aria-hidden=\"true\" class=\"fas fa-phone-alt\"><\/i>\t\t\t<\/span>\n\t\t\t\t\t\t<span class=\"elementor-button-text\">Keressen fel minket!<\/span>\n\t\t<\/span>\n\t\t\t\t\t<\/a>\n\t\t<\/div>\n\t\t\t\t<\/div>\n\t\t\t\t<\/div>\n\t\t\t\t\t\t<\/div>\n\t\t\t\t\t<\/div>\n\t\t<\/div>\n\t\t\t\t\t\t\t\t<\/div>\n\t\t\t\t\t<\/div>\n\t\t<\/section>\n\t\t\t\t\t\t<\/div>\n\t\t\t\t\t<\/div>\n\t\t<\/div>\n\t\t\t\t\t\t\t\t<\/div>\n\t\t\t\t\t<\/div>\n\t\t<\/section>\n\t\t\t\t\t\t<\/div>\n\t\t\t\t\t\t<\/div>\n\t\t\t\t\t<\/div>","protected":false},"excerpt":{"rendered":"<p>PVC i ALUMINIJUM Roletne\u00a0su veoma bitan deo kao dopuna\u00a0PVC\u00a0i ALU stolariji. Imaju va\u017enu ulogu prvenstveno u za\u0161titi od sunca kao i za zvu\u010dnu izolaciju. Roletne mogu biti u unutra\u0161njoj ili spolja\u0161njoj kutiji. Spoljni tip roletne je sistem kod koga se kutija ugra\u0111uje spolja u gornjem delu prozora. Kutije spoljnih roletni su izra\u0111eni od plastificiranog lima. [&hellip;]<\/p>","protected":false},"author":1,"featured_media":0,"parent":10,"menu_order":0,"comment_status":"closed","ping_status":"closed","template":"page-templates\/pagebuilder.php","meta":[],"yoast_head":"<!-- This site is optimized with the Yoast SEO plugin v18.2 - https:\/\/yoast.com\/wordpress\/plugins\/seo\/ -->\n<title>Roletne PVC i ALU ,unutra\u0161nja kutija , spoljna kutija - Rolo Master SENTA<\/title>\n<meta name=\"robots\" content=\"index, follow, max-snippet:-1, max-image-preview:large, max-video-preview:-1\" \/>\n<link rel=\"canonical\" href=\"https:\/\/rolomastersenta.rs\/hu\/proizvodi\/roletne\/\" \/>\n<meta property=\"og:locale\" content=\"hu_HU\" \/>\n<meta property=\"og:type\" content=\"article\" \/>\n<meta property=\"og:title\" content=\"Roletne PVC i ALU ,unutra\u0161nja kutija , spoljna kutija - Rolo Master SENTA\" \/>\n<meta property=\"og:description\" content=\"PVC i ALUMINIJUM Roletne\u00a0su veoma bitan deo kao dopuna\u00a0PVC\u00a0i ALU stolariji. Imaju va\u017enu ulogu prvenstveno u za\u0161titi od sunca kao i za zvu\u010dnu izolaciju. Roletne mogu biti u unutra\u0161njoj ili spolja\u0161njoj kutiji. Spoljni tip roletne je sistem kod koga se kutija ugra\u0111uje spolja u gornjem delu prozora. Kutije spoljnih roletni su izra\u0111eni od plastificiranog lima. [&hellip;]\" \/>\n<meta property=\"og:url\" content=\"https:\/\/rolomastersenta.rs\/hu\/proizvodi\/roletne\/\" \/>\n<meta property=\"og:site_name\" content=\"Rolo Master\" \/>\n<meta property=\"article:modified_time\" content=\"2021-08-27T14:24:30+00:00\" \/>\n<meta property=\"og:image\" content=\"http:\/\/rolomastersenta.rs\/wp-content\/uploads\/elementor\/thumbs\/trokrilni-un.rol_.pvc_-scaled-omm469sk9q96re7zx1qcpx2rpguxnweygkfnwkis8g.jpg\" \/>\n<meta name=\"twitter:card\" content=\"summary_large_image\" \/>\n<meta name=\"twitter:label1\" content=\"Becs\u00fclt olvas\u00e1si id\u0151\" \/>\n\t<meta name=\"twitter:data1\" content=\"2 perc\" \/>\n<script type=\"application\/ld+json\" class=\"yoast-schema-graph\">{\"@context\":\"https:\/\/schema.org\",\"@graph\":[{\"@type\":\"WebSite\",\"@id\":\"http:\/\/rolomastersenta.rs\/#website\",\"url\":\"http:\/\/rolomastersenta.rs\/\",\"name\":\"Rolo Master\",\"description\":\"Roletne su veoma bitan deo kao dopuna PVC i ALU stolariji. Imaju va\u017enu ulogu prvenstveno u za\u0161titi od sunca kao i za zvu\u010dnu izolaciju.\",\"potentialAction\":[{\"@type\":\"SearchAction\",\"target\":{\"@type\":\"EntryPoint\",\"urlTemplate\":\"http:\/\/rolomastersenta.rs\/?s={search_term_string}\"},\"query-input\":\"required name=search_term_string\"}],\"inLanguage\":\"hu\"},{\"@type\":\"ImageObject\",\"@id\":\"https:\/\/rolomastersenta.rs\/proizvodi\/roletne\/#primaryimage\",\"inLanguage\":\"hu\",\"url\":\"http:\/\/rolomastersenta.rs\/wp-content\/uploads\/elementor\/thumbs\/trokrilni-un.rol_.pvc_-scaled-omm469sk9q96re7zx1qcpx2rpguxnweygkfnwkis8g.jpg\",\"contentUrl\":\"http:\/\/rolomastersenta.rs\/wp-content\/uploads\/elementor\/thumbs\/trokrilni-un.rol_.pvc_-scaled-omm469sk9q96re7zx1qcpx2rpguxnweygkfnwkis8g.jpg\"},{\"@type\":\"WebPage\",\"@id\":\"https:\/\/rolomastersenta.rs\/proizvodi\/roletne\/#webpage\",\"url\":\"https:\/\/rolomastersenta.rs\/proizvodi\/roletne\/\",\"name\":\"Roletne PVC i ALU ,unutra\u0161nja kutija , spoljna kutija - Rolo Master SENTA\",\"isPartOf\":{\"@id\":\"http:\/\/rolomastersenta.rs\/#website\"},\"primaryImageOfPage\":{\"@id\":\"https:\/\/rolomastersenta.rs\/proizvodi\/roletne\/#primaryimage\"},\"datePublished\":\"2019-04-20T16:01:46+00:00\",\"dateModified\":\"2021-08-27T14:24:30+00:00\",\"breadcrumb\":{\"@id\":\"https:\/\/rolomastersenta.rs\/proizvodi\/roletne\/#breadcrumb\"},\"inLanguage\":\"hu\",\"potentialAction\":[{\"@type\":\"ReadAction\",\"target\":[\"https:\/\/rolomastersenta.rs\/proizvodi\/roletne\/\"]}]},{\"@type\":\"BreadcrumbList\",\"@id\":\"https:\/\/rolomastersenta.rs\/proizvodi\/roletne\/#breadcrumb\",\"itemListElement\":[{\"@type\":\"ListItem\",\"position\":1,\"name\":\"Home\",\"item\":\"https:\/\/rolomastersenta.rs\/\"},{\"@type\":\"ListItem\",\"position\":2,\"name\":\"Proizvodi\",\"item\":\"https:\/\/rolomastersenta.rs\/proizvodi\/\"},{\"@type\":\"ListItem\",\"position\":3,\"name\":\"Roletne\"}]}]}<\/script>\n<!-- \/ Yoast SEO plugin. -->","yoast_head_json":{"title":"Roletne PVC i ALU ,unutra\u0161nja kutija , spoljna kutija - Rolo Master SENTA","robots":{"index":"index","follow":"follow","max-snippet":"max-snippet:-1","max-image-preview":"max-image-preview:large","max-video-preview":"max-video-preview:-1"},"canonical":"https:\/\/rolomastersenta.rs\/hu\/proizvodi\/roletne\/","og_locale":"hu_HU","og_type":"article","og_title":"Roletne PVC i ALU ,unutra\u0161nja kutija , spoljna kutija - Rolo Master SENTA","og_description":"PVC i ALUMINIJUM Roletne\u00a0su veoma bitan deo kao dopuna\u00a0PVC\u00a0i ALU stolariji. Imaju va\u017enu ulogu prvenstveno u za\u0161titi od sunca kao i za zvu\u010dnu izolaciju. Roletne mogu biti u unutra\u0161njoj ili spolja\u0161njoj kutiji. Spoljni tip roletne je sistem kod koga se kutija ugra\u0111uje spolja u gornjem delu prozora. Kutije spoljnih roletni su izra\u0111eni od plastificiranog lima. [&hellip;]","og_url":"https:\/\/rolomastersenta.rs\/hu\/proizvodi\/roletne\/","og_site_name":"Rolo Master","article_modified_time":"2021-08-27T14:24:30+00:00","og_image":[{"url":"http:\/\/rolomastersenta.rs\/wp-content\/uploads\/elementor\/thumbs\/trokrilni-un.rol_.pvc_-scaled-omm469sk9q96re7zx1qcpx2rpguxnweygkfnwkis8g.jpg"}],"twitter_card":"summary_large_image","twitter_misc":{"Becs\u00fclt olvas\u00e1si id\u0151":"2 perc"},"schema":{"@context":"https:\/\/schema.org","@graph":[{"@type":"WebSite","@id":"http:\/\/rolomastersenta.rs\/#website","url":"http:\/\/rolomastersenta.rs\/","name":"Rolo Master","description":"Roletne su veoma bitan deo kao dopuna PVC i ALU stolariji. Imaju va\u017enu ulogu prvenstveno u za\u0161titi od sunca kao i za zvu\u010dnu izolaciju.","potentialAction":[{"@type":"SearchAction","target":{"@type":"EntryPoint","urlTemplate":"http:\/\/rolomastersenta.rs\/?s={search_term_string}"},"query-input":"required name=search_term_string"}],"inLanguage":"hu"},{"@type":"ImageObject","@id":"https:\/\/rolomastersenta.rs\/proizvodi\/roletne\/#primaryimage","inLanguage":"hu","url":"http:\/\/rolomastersenta.rs\/wp-content\/uploads\/elementor\/thumbs\/trokrilni-un.rol_.pvc_-scaled-omm469sk9q96re7zx1qcpx2rpguxnweygkfnwkis8g.jpg","contentUrl":"http:\/\/rolomastersenta.rs\/wp-content\/uploads\/elementor\/thumbs\/trokrilni-un.rol_.pvc_-scaled-omm469sk9q96re7zx1qcpx2rpguxnweygkfnwkis8g.jpg"},{"@type":"WebPage","@id":"https:\/\/rolomastersenta.rs\/proizvodi\/roletne\/#webpage","url":"https:\/\/rolomastersenta.rs\/proizvodi\/roletne\/","name":"Roletne PVC i ALU ,unutra\u0161nja kutija , spoljna kutija - Rolo Master SENTA","isPartOf":{"@id":"http:\/\/rolomastersenta.rs\/#website"},"primaryImageOfPage":{"@id":"https:\/\/rolomastersenta.rs\/proizvodi\/roletne\/#primaryimage"},"datePublished":"2019-04-20T16:01:46+00:00","dateModified":"2021-08-27T14:24:30+00:00","breadcrumb":{"@id":"https:\/\/rolomastersenta.rs\/proizvodi\/roletne\/#breadcrumb"},"inLanguage":"hu","potentialAction":[{"@type":"ReadAction","target":["https:\/\/rolomastersenta.rs\/proizvodi\/roletne\/"]}]},{"@type":"BreadcrumbList","@id":"https:\/\/rolomastersenta.rs\/proizvodi\/roletne\/#breadcrumb","itemListElement":[{"@type":"ListItem","position":1,"name":"Home","item":"https:\/\/rolomastersenta.rs\/"},{"@type":"ListItem","position":2,"name":"Proizvodi","item":"https:\/\/rolomastersenta.rs\/proizvodi\/"},{"@type":"ListItem","position":3,"name":"Roletne"}]}]}},"_links":{"self":[{"href":"https:\/\/rolomastersenta.rs\/hu\/wp-json\/wp\/v2\/pages\/274"}],"collection":[{"href":"https:\/\/rolomastersenta.rs\/hu\/wp-json\/wp\/v2\/pages"}],"about":[{"href":"https:\/\/rolomastersenta.rs\/hu\/wp-json\/wp\/v2\/types\/page"}],"author":[{"embeddable":true,"href":"https:\/\/rolomastersenta.rs\/hu\/wp-json\/wp\/v2\/users\/1"}],"replies":[{"embeddable":true,"href":"https:\/\/rolomastersenta.rs\/hu\/wp-json\/wp\/v2\/comments?post=274"}],"version-history":[{"count":58,"href":"https:\/\/rolomastersenta.rs\/hu\/wp-json\/wp\/v2\/pages\/274\/revisions"}],"predecessor-version":[{"id":2138,"href":"https:\/\/rolomastersenta.rs\/hu\/wp-json\/wp\/v2\/pages\/274\/revisions\/2138"}],"up":[{"embeddable":true,"href":"https:\/\/rolomastersenta.rs\/hu\/wp-json\/wp\/v2\/pages\/10"}],"wp:attachment":[{"href":"https:\/\/rolomastersenta.rs\/hu\/wp-json\/wp\/v2\/media?parent=274"}],"curies":[{"name":"wp","href":"https:\/\/api.w.org\/{rel}","templated":true}]}}