{"id":29,"date":"2019-04-17T15:14:33","date_gmt":"2019-04-17T15:14:33","guid":{"rendered":"http:\/\/wicked-civet.w6.wpsandbox.pro\/?page_id=29"},"modified":"2021-03-02T11:07:48","modified_gmt":"2021-03-02T11:07:48","slug":"kontakt","status":"publish","type":"page","link":"https:\/\/rolomastersenta.rs\/hu\/kontakt\/","title":{"rendered":"El\u00e9rhet\u0151s\u00e9g"},"content":{"rendered":"<div data-elementor-type=\"wp-post\" data-elementor-id=\"29\" class=\"elementor elementor-29\" data-elementor-settings=\"[]\">\n\t\t\t\t\t\t<div class=\"elementor-inner\">\n\t\t\t\t\t\t\t<div class=\"elementor-section-wrap\">\n\t\t\t\t\t\t\t<section class=\"elementor-section elementor-top-section elementor-element elementor-element-e153338 elementor-section-boxed elementor-section-height-default elementor-section-height-default\" data-id=\"e153338\" data-element_type=\"section\">\n\t\t\t\t\t\t<div class=\"elementor-container elementor-column-gap-default\">\n\t\t\t\t\t\t\t<div class=\"elementor-row\">\n\t\t\t\t\t<div class=\"elementor-column elementor-col-100 elementor-top-column elementor-element elementor-element-482b2de\" data-id=\"482b2de\" data-element_type=\"column\">\n\t\t\t<div class=\"elementor-column-wrap elementor-element-populated\">\n\t\t\t\t\t\t\t<div class=\"elementor-widget-wrap\">\n\t\t\t\t\t\t<div class=\"elementor-element elementor-element-2b8ae30 elementor-widget elementor-widget-heading\" data-id=\"2b8ae30\" data-element_type=\"widget\" data-widget_type=\"heading.default\">\n\t\t\t\t<div class=\"elementor-widget-container\">\n\t\t\t<h2 class=\"elementor-heading-title elementor-size-default\">Keressen fel minket!<\/h2>\t\t<\/div>\n\t\t\t\t<\/div>\n\t\t\t\t<div class=\"elementor-element elementor-element-24482c8 elementor-widget-divider--view-line elementor-widget elementor-widget-divider\" data-id=\"24482c8\" data-element_type=\"widget\" data-widget_type=\"divider.default\">\n\t\t\t\t<div class=\"elementor-widget-container\">\n\t\t\t\t\t<div class=\"elementor-divider\">\n\t\t\t<span class=\"elementor-divider-separator\">\n\t\t\t\t\t\t<\/span>\n\t\t<\/div>\n\t\t\t\t<\/div>\n\t\t\t\t<\/div>\n\t\t\t\t\t\t<\/div>\n\t\t\t\t\t<\/div>\n\t\t<\/div>\n\t\t\t\t\t\t\t\t<\/div>\n\t\t\t\t\t<\/div>\n\t\t<\/section>\n\t\t\t\t<section class=\"elementor-section elementor-top-section elementor-element elementor-element-1949477 elementor-section-boxed elementor-section-height-default elementor-section-height-default\" data-id=\"1949477\" data-element_type=\"section\">\n\t\t\t\t\t\t<div class=\"elementor-container elementor-column-gap-default\">\n\t\t\t\t\t\t\t<div class=\"elementor-row\">\n\t\t\t\t\t<div class=\"elementor-column elementor-col-33 elementor-top-column elementor-element elementor-element-e04a16f\" data-id=\"e04a16f\" data-element_type=\"column\">\n\t\t\t<div class=\"elementor-column-wrap elementor-element-populated\">\n\t\t\t\t\t\t\t<div class=\"elementor-widget-wrap\">\n\t\t\t\t\t\t<div class=\"elementor-element elementor-element-57a3875 elementor-position-left elementor-view-default elementor-vertical-align-top elementor-widget elementor-widget-icon-box\" data-id=\"57a3875\" data-element_type=\"widget\" data-widget_type=\"icon-box.default\">\n\t\t\t\t<div class=\"elementor-widget-container\">\n\t\t\t\t\t<div class=\"elementor-icon-box-wrapper\">\n\t\t\t\t\t\t<div class=\"elementor-icon-box-icon\">\n\t\t\t\t<span class=\"elementor-icon elementor-animation-\" >\n\t\t\t\t<i aria-hidden=\"true\" class=\"fas fa-map-marker-alt\"><\/i>\t\t\t\t<\/span>\n\t\t\t<\/div>\n\t\t\t\t\t\t<div class=\"elementor-icon-box-content\">\n\t\t\t\t<h3 class=\"elementor-icon-box-title\">\n\t\t\t\t\t<span  >\n\t\t\t\t\t\t\t\t\t\t\t<\/span>\n\t\t\t\t<\/h3>\n\t\t\t\t\t\t\t\t\t<p class=\"elementor-icon-box-description\">\n\t\t\t\t\t\t          Petra Preradovi\u0107a 28.\n<\/br>\n24400 Senta                  \t\t\t\t\t<\/p>\n\t\t\t\t\t\t\t<\/div>\n\t\t<\/div>\n\t\t\t\t<\/div>\n\t\t\t\t<\/div>\n\t\t\t\t<div class=\"elementor-element elementor-element-643653b elementor-position-left elementor-view-default elementor-vertical-align-top elementor-widget elementor-widget-icon-box\" data-id=\"643653b\" data-element_type=\"widget\" data-widget_type=\"icon-box.default\">\n\t\t\t\t<div class=\"elementor-widget-container\">\n\t\t\t\t\t<div class=\"elementor-icon-box-wrapper\">\n\t\t\t\t\t\t<div class=\"elementor-icon-box-icon\">\n\t\t\t\t<span class=\"elementor-icon elementor-animation-\" >\n\t\t\t\t<i aria-hidden=\"true\" class=\"fas fa-phone\"><\/i>\t\t\t\t<\/span>\n\t\t\t<\/div>\n\t\t\t\t\t\t<div class=\"elementor-icon-box-content\">\n\t\t\t\t<h3 class=\"elementor-icon-box-title\">\n\t\t\t\t\t<span  >\n\t\t\t\t\t\t\t\t\t\t\t<\/span>\n\t\t\t\t<\/h3>\n\t\t\t\t\t\t\t\t\t<p class=\"elementor-icon-box-description\">\n\t\t\t\t\t\t\n+381 69-40-90-810<br>\t\t\t\t\t<\/p>\n\t\t\t\t\t\t\t<\/div>\n\t\t<\/div>\n\t\t\t\t<\/div>\n\t\t\t\t<\/div>\n\t\t\t\t<div class=\"elementor-element elementor-element-e0da8b4 elementor-position-left elementor-view-default elementor-vertical-align-top elementor-widget elementor-widget-icon-box\" data-id=\"e0da8b4\" data-element_type=\"widget\" data-widget_type=\"icon-box.default\">\n\t\t\t\t<div class=\"elementor-widget-container\">\n\t\t\t\t\t<div class=\"elementor-icon-box-wrapper\">\n\t\t\t\t\t\t<div class=\"elementor-icon-box-icon\">\n\t\t\t\t<span class=\"elementor-icon elementor-animation-\" >\n\t\t\t\t<i aria-hidden=\"true\" class=\"fas fa-envelope\"><\/i>\t\t\t\t<\/span>\n\t\t\t<\/div>\n\t\t\t\t\t\t<div class=\"elementor-icon-box-content\">\n\t\t\t\t<h3 class=\"elementor-icon-box-title\">\n\t\t\t\t\t<span  >\n\t\t\t\t\t\t\t\t\t\t\t<\/span>\n\t\t\t\t<\/h3>\n\t\t\t\t\t\t\t\t\t<p class=\"elementor-icon-box-description\">\n\t\t\t\t\t\trolomaster.senta@gmail.com<br>\t\t\t\t\t<\/p>\n\t\t\t\t\t\t\t<\/div>\n\t\t<\/div>\n\t\t\t\t<\/div>\n\t\t\t\t<\/div>\n\t\t\t\t\t\t<\/div>\n\t\t\t\t\t<\/div>\n\t\t<\/div>\n\t\t\t\t<div class=\"elementor-column elementor-col-66 elementor-top-column elementor-element elementor-element-0086b16\" data-id=\"0086b16\" data-element_type=\"column\">\n\t\t\t<div class=\"elementor-column-wrap elementor-element-populated\">\n\t\t\t\t\t\t\t<div class=\"elementor-widget-wrap\">\n\t\t\t\t\t\t<div class=\"elementor-element elementor-element-1600a62 elementor-widget elementor-widget-shortcode\" data-id=\"1600a62\" data-element_type=\"widget\" data-widget_type=\"shortcode.default\">\n\t\t\t\t<div class=\"elementor-widget-container\">\n\t\t\t\t\t<div class=\"elementor-shortcode\"><div class=\"everest-forms\"><div class=\"evf-container evf-minimal-portfolio default\" id=\"evf-342\"><form id=\"evf-form-342\" class=\"everest-form\" data-formid=\"342\" data-ajax_submission=\"1\" method=\"post\" enctype=\"multipart\/form-data\" action=\"\/hu\/wp-json\/wp\/v2\/pages\/29\" data-trp-original-action=\"\/hu\/wp-json\/wp\/v2\/pages\/29\"><div class=\"evf-field-container\"><input type=\"hidden\" id=\"_wpnonce342\" name=\"_wpnonce342\" value=\"3e9405f7e6\" \/><input type=\"hidden\" name=\"_wp_http_referer\" value=\"\/hu\/wp-json\/wp\/v2\/pages\/29\" \/><div class=\"evf-frontend-row\" data-row=\"row_2\"><div class=\"evf-frontend-grid evf-grid-2\" data-grid=\"grid_1\"><div id=\"evf-342-field_RhvOqBcOt2-1-container\" class=\"evf-field evf-field-first-name form-row validate-required\" data-required-field-message=\"Polje je obavezno ispuniti.\" data-field-id=\"RhvOqBcOt2-1\"><input type=\"text\" id=\"evf-342-field_RhvOqBcOt2-1\" class=\"input-text\" name=\"everest_forms[form_fields][RhvOqBcOt2-1]\" placeholder=\"Keresztn\u00e9v\" required><\/div><\/div><div class=\"evf-frontend-grid evf-grid-2\" data-grid=\"grid_2\"><div id=\"evf-342-field_FwzawEJrvS-2-container\" class=\"evf-field evf-field-last-name form-row validate-required\" data-required-field-message=\"Polje je obavezno ispuniti.\" data-field-id=\"FwzawEJrvS-2\"><input type=\"text\" id=\"evf-342-field_FwzawEJrvS-2\" class=\"input-text\" name=\"everest_forms[form_fields][FwzawEJrvS-2]\" placeholder=\"Vezet\u00e9kn\u00e9v\" required><\/div><\/div><\/div><div class=\"evf-frontend-row\" data-row=\"row_3\"><div class=\"evf-frontend-grid evf-grid-2\" data-grid=\"grid_1\"><div id=\"evf-342-field_email-container\" class=\"evf-field evf-field-email form-row validate-required validate-email\" data-required-field-message=\"Unesite ispravnu e-mail adresu.\" data-field-id=\"email\"><input type=\"email\" id=\"evf-342-field_email\" class=\"input-text\" name=\"everest_forms[form_fields][email]\" placeholder=\"Email\" required><\/div><\/div><div class=\"evf-frontend-grid evf-grid-2\" data-grid=\"grid_2\"><div id=\"evf-342-field_subject-container\" class=\"evf-field evf-field-text form-row validate-required\" data-required-field-message=\"Polje je obavezno ispuniti.\" data-field-id=\"subject\"><input type=\"text\" id=\"evf-342-field_subject\" class=\"input-text\" name=\"everest_forms[form_fields][subject]\" placeholder=\"\u00dczenet t\u00e1rgya\" required><\/div><\/div><\/div><div class=\"evf-frontend-row\" data-row=\"row_4\"><div class=\"evf-frontend-grid evf-grid-1\" data-grid=\"grid_1\"><div id=\"evf-342-field_message-container\" class=\"evf-field evf-field-textarea form-row validate-required\" data-required-field-message=\"Polje je obavezno ispuniti.\" data-field-id=\"message\"><textarea id=\"evf-342-field_message\" class=\"input-text\" name=\"everest_forms[form_fields][message]\" placeholder=\"\u00dczenet tartalma\" required><\/textarea><\/div><\/div><\/div><\/div><div class=\"evf-honeypot-container evf-field-hp\"><label for=\"evf-342-field-hp\" class=\"evf-field-label\">Name<\/label><input type=\"text\" name=\"everest_forms[hp]\" id=\"evf-342-field-hp\" class=\"input-text\"><\/div><div class=\"evf-submit-container\" ><input type=\"hidden\" name=\"everest_forms[id]\" value=\"342\"><input type=\"hidden\" name=\"everest_forms[author]\" value=\"1\"><button type='submit' name='everest_forms[submit]' class='everest-forms-submit-button button evf-submit' id='evf-submit-342' value='evf-submit' data-process-text=\"Slanje\u2026\" conditional_rules='&quot;&quot;' conditional_id='evf-submit-342' style=\"display:block\" aria-live=\"assertive\">K\u00fcld\u00e9s<\/button><\/div><input type=\"hidden\" name=\"trp-form-language\" value=\"hu\"\/><\/form><\/div><!-- .evf-container --><\/div><\/div>\n\t\t\t\t<\/div>\n\t\t\t\t<\/div>\n\t\t\t\t\t\t<\/div>\n\t\t\t\t\t<\/div>\n\t\t<\/div>\n\t\t\t\t\t\t\t\t<\/div>\n\t\t\t\t\t<\/div>\n\t\t<\/section>\n\t\t\t\t<section class=\"elementor-section elementor-top-section elementor-element elementor-element-a952c8f elementor-section-boxed elementor-section-height-default elementor-section-height-default\" data-id=\"a952c8f\" data-element_type=\"section\">\n\t\t\t\t\t\t<div class=\"elementor-container elementor-column-gap-default\">\n\t\t\t\t\t\t\t<div class=\"elementor-row\">\n\t\t\t\t\t<div class=\"elementor-column elementor-col-100 elementor-top-column elementor-element elementor-element-f972a3b\" data-id=\"f972a3b\" data-element_type=\"column\">\n\t\t\t<div class=\"elementor-column-wrap elementor-element-populated\">\n\t\t\t\t\t\t\t<div class=\"elementor-widget-wrap\">\n\t\t\t\t\t\t<div class=\"elementor-element elementor-element-4b3c803 elementor-widget elementor-widget-google_maps\" data-id=\"4b3c803\" data-element_type=\"widget\" data-widget_type=\"google_maps.default\">\n\t\t\t\t<div class=\"elementor-widget-container\">\n\t\t\t\t\t<div class=\"elementor-custom-embed\">\n\t\t\t<iframe frameborder=\"0\" scrolling=\"no\" marginheight=\"0\" marginwidth=\"0\"\n\t\t\t\t\tsrc=\"https:\/\/maps.google.com\/maps?q=srbija%2Csenta%2CPetra%20Preradovi%C4%87a%2028%20&#038;t=m&#038;z=10&#038;output=embed&#038;iwloc=near\"\n\t\t\t\t\ttitle=\"srbija,senta,Petra Preradovi\u0107a 28 \"\n\t\t\t\t\taria-label=\"srbija,senta,Petra Preradovi\u0107a 28 \"\n\t\t\t><\/iframe>\n\t\t<\/div>\n\t\t\t\t<\/div>\n\t\t\t\t<\/div>\n\t\t\t\t\t\t<\/div>\n\t\t\t\t\t<\/div>\n\t\t<\/div>\n\t\t\t\t\t\t\t\t<\/div>\n\t\t\t\t\t<\/div>\n\t\t<\/section>\n\t\t\t\t\t\t<\/div>\n\t\t\t\t\t\t<\/div>\n\t\t\t\t\t<\/div>","protected":false},"excerpt":{"rendered":"<p>KONTAKTIRAJTE NAS! Petra Preradovi\u0107a 28. 24400 Senta +381 69-40-90-810 rolomaster.senta@gmail.com<\/p>","protected":false},"author":1,"featured_media":0,"parent":0,"menu_order":0,"comment_status":"closed","ping_status":"closed","template":"page-templates\/pagebuilder.php","meta":[],"yoast_head":"<!-- This site is optimized with the Yoast SEO plugin v18.2 - https:\/\/yoast.com\/wordpress\/plugins\/seo\/ -->\n<title>Kontaktirajte nas! - Rolo Master Senta<\/title>\n<meta name=\"robots\" content=\"index, follow, max-snippet:-1, max-image-preview:large, max-video-preview:-1\" \/>\n<link rel=\"canonical\" href=\"https:\/\/rolomastersenta.rs\/hu\/kontakt\/\" \/>\n<meta property=\"og:locale\" content=\"hu_HU\" \/>\n<meta property=\"og:type\" content=\"article\" \/>\n<meta property=\"og:title\" content=\"Kontaktirajte nas! - Rolo Master Senta\" \/>\n<meta property=\"og:description\" content=\"KONTAKTIRAJTE NAS! Petra Preradovi\u0107a 28. 24400 Senta +381 69-40-90-810 rolomaster.senta@gmail.com\" \/>\n<meta property=\"og:url\" content=\"https:\/\/rolomastersenta.rs\/hu\/kontakt\/\" \/>\n<meta property=\"og:site_name\" content=\"Rolo Master\" \/>\n<meta property=\"article:modified_time\" content=\"2021-03-02T11:07:48+00:00\" \/>\n<meta name=\"twitter:card\" content=\"summary_large_image\" \/>\n<script type=\"application\/ld+json\" class=\"yoast-schema-graph\">{\"@context\":\"https:\/\/schema.org\",\"@graph\":[{\"@type\":\"WebSite\",\"@id\":\"http:\/\/rolomastersenta.rs\/#website\",\"url\":\"http:\/\/rolomastersenta.rs\/\",\"name\":\"Rolo Master\",\"description\":\"Roletne su veoma bitan deo kao dopuna PVC i ALU stolariji. Imaju va\u017enu ulogu prvenstveno u za\u0161titi od sunca kao i za zvu\u010dnu izolaciju.\",\"potentialAction\":[{\"@type\":\"SearchAction\",\"target\":{\"@type\":\"EntryPoint\",\"urlTemplate\":\"http:\/\/rolomastersenta.rs\/?s={search_term_string}\"},\"query-input\":\"required name=search_term_string\"}],\"inLanguage\":\"hu\"},{\"@type\":\"WebPage\",\"@id\":\"http:\/\/rolomastersenta.rs\/kontakt\/#webpage\",\"url\":\"http:\/\/rolomastersenta.rs\/kontakt\/\",\"name\":\"Kontaktirajte nas! - Rolo Master Senta\",\"isPartOf\":{\"@id\":\"http:\/\/rolomastersenta.rs\/#website\"},\"datePublished\":\"2019-04-17T15:14:33+00:00\",\"dateModified\":\"2021-03-02T11:07:48+00:00\",\"breadcrumb\":{\"@id\":\"http:\/\/rolomastersenta.rs\/kontakt\/#breadcrumb\"},\"inLanguage\":\"hu\",\"potentialAction\":[{\"@type\":\"ReadAction\",\"target\":[\"http:\/\/rolomastersenta.rs\/kontakt\/\"]}]},{\"@type\":\"BreadcrumbList\",\"@id\":\"http:\/\/rolomastersenta.rs\/kontakt\/#breadcrumb\",\"itemListElement\":[{\"@type\":\"ListItem\",\"position\":1,\"name\":\"Home\",\"item\":\"http:\/\/rolomastersenta.rs\/\"},{\"@type\":\"ListItem\",\"position\":2,\"name\":\"Kontakt\"}]}]}<\/script>\n<!-- \/ Yoast SEO plugin. -->","yoast_head_json":{"title":"Kontaktirajte nas! - Rolo Master Senta","robots":{"index":"index","follow":"follow","max-snippet":"max-snippet:-1","max-image-preview":"max-image-preview:large","max-video-preview":"max-video-preview:-1"},"canonical":"https:\/\/rolomastersenta.rs\/hu\/kontakt\/","og_locale":"hu_HU","og_type":"article","og_title":"Kontaktirajte nas! - Rolo Master Senta","og_description":"KONTAKTIRAJTE NAS! Petra Preradovi\u0107a 28. 24400 Senta +381 69-40-90-810 rolomaster.senta@gmail.com","og_url":"https:\/\/rolomastersenta.rs\/hu\/kontakt\/","og_site_name":"Rolo Master","article_modified_time":"2021-03-02T11:07:48+00:00","twitter_card":"summary_large_image","schema":{"@context":"https:\/\/schema.org","@graph":[{"@type":"WebSite","@id":"http:\/\/rolomastersenta.rs\/#website","url":"http:\/\/rolomastersenta.rs\/","name":"Rolo Master","description":"Roletne su veoma bitan deo kao dopuna PVC i ALU stolariji. Imaju va\u017enu ulogu prvenstveno u za\u0161titi od sunca kao i za zvu\u010dnu izolaciju.","potentialAction":[{"@type":"SearchAction","target":{"@type":"EntryPoint","urlTemplate":"http:\/\/rolomastersenta.rs\/?s={search_term_string}"},"query-input":"required name=search_term_string"}],"inLanguage":"hu"},{"@type":"WebPage","@id":"http:\/\/rolomastersenta.rs\/kontakt\/#webpage","url":"http:\/\/rolomastersenta.rs\/kontakt\/","name":"Kontaktirajte nas! - Rolo Master Senta","isPartOf":{"@id":"http:\/\/rolomastersenta.rs\/#website"},"datePublished":"2019-04-17T15:14:33+00:00","dateModified":"2021-03-02T11:07:48+00:00","breadcrumb":{"@id":"http:\/\/rolomastersenta.rs\/kontakt\/#breadcrumb"},"inLanguage":"hu","potentialAction":[{"@type":"ReadAction","target":["http:\/\/rolomastersenta.rs\/kontakt\/"]}]},{"@type":"BreadcrumbList","@id":"http:\/\/rolomastersenta.rs\/kontakt\/#breadcrumb","itemListElement":[{"@type":"ListItem","position":1,"name":"Home","item":"http:\/\/rolomastersenta.rs\/"},{"@type":"ListItem","position":2,"name":"Kontakt"}]}]}},"_links":{"self":[{"href":"https:\/\/rolomastersenta.rs\/hu\/wp-json\/wp\/v2\/pages\/29"}],"collection":[{"href":"https:\/\/rolomastersenta.rs\/hu\/wp-json\/wp\/v2\/pages"}],"about":[{"href":"https:\/\/rolomastersenta.rs\/hu\/wp-json\/wp\/v2\/types\/page"}],"author":[{"embeddable":true,"href":"https:\/\/rolomastersenta.rs\/hu\/wp-json\/wp\/v2\/users\/1"}],"replies":[{"embeddable":true,"href":"https:\/\/rolomastersenta.rs\/hu\/wp-json\/wp\/v2\/comments?post=29"}],"version-history":[{"count":16,"href":"https:\/\/rolomastersenta.rs\/hu\/wp-json\/wp\/v2\/pages\/29\/revisions"}],"predecessor-version":[{"id":2086,"href":"https:\/\/rolomastersenta.rs\/hu\/wp-json\/wp\/v2\/pages\/29\/revisions\/2086"}],"wp:attachment":[{"href":"https:\/\/rolomastersenta.rs\/hu\/wp-json\/wp\/v2\/media?parent=29"}],"curies":[{"name":"wp","href":"https:\/\/api.w.org\/{rel}","templated":true}]}}